{"id":1048,"date":"2025-11-24T07:57:35","date_gmt":"2025-11-24T07:57:35","guid":{"rendered":"https:\/\/www.harnnett.es\/?page_id=1048"},"modified":"2025-11-24T07:57:36","modified_gmt":"2025-11-24T07:57:36","slug":"politique-en-matiere-de-cookies","status":"publish","type":"page","link":"https:\/\/www.harnnett.es\/fr\/politique-en-matiere-de-cookies\/","title":{"rendered":"Politique en mati\u00e8re de cookies"},"content":{"rendered":"<h2 class=\"wp-block-heading\"><strong>1) Qu'est-ce qu'un cookie ?<\/strong><\/h2>\n\n\n\n<p>Les cookies sont des fichiers qui sont t\u00e9l\u00e9charg\u00e9s sur votre appareil lorsque vous acc\u00e9dez \u00e0 certains sites web. Ils permettent de stocker et de r\u00e9cup\u00e9rer des informations sur les habitudes de navigation ou l'\u00e9quipement de l'utilisateur et peuvent \u00eatre utilis\u00e9s pour reconna\u00eetre l'utilisateur.<\/p>\n\n\n\n<p>Les cookies ne stockent g\u00e9n\u00e9ralement pas d'informations sensibles (telles que des donn\u00e9es personnelles, des coordonn\u00e9es bancaires ou des photographies), mais plut\u00f4t des informations techniques, des pr\u00e9f\u00e9rences personnelles, la personnalisation du contenu ou des statistiques d'utilisation.<\/p>\n\n\n\n<h2 class=\"wp-block-heading\"><strong>2. les types de cookies utilis\u00e9s par ce site web<\/strong><\/h2>\n\n\n\n<p>Au <strong>www.harnnett.es<\/strong> nous utilisons les cat\u00e9gories de cookies suivantes :<\/p>\n\n\n\n<h3 class=\"wp-block-heading\"><strong>a) Cookies techniques ou n\u00e9cessaires<\/strong><\/h3>\n\n\n\n<p>Ils sont essentiels au bon fonctionnement du site web et permettent, entre autres, d'effectuer les op\u00e9rations suivantes<\/p>\n\n\n\n<ul class=\"wp-block-list\">\n<li>Contr\u00f4le du trafic et de la communication des donn\u00e9es<\/li>\n\n\n\n<li>\u00c9tablir la s\u00e9curit\u00e9 pendant la navigation<\/li>\n\n\n\n<li>Effectuer le processus d'achat ou envoyer des formulaires<\/li>\n\n\n\n<li>Se souvenir des \u00e9l\u00e9ments constitutifs d'une commande<\/li>\n\n\n\n<li>Utiliser les dispositifs de s\u00e9curit\u00e9<\/li>\n<\/ul>\n\n\n\n<p>Ces cookies ne n\u00e9cessitent pas le consentement explicite de l'utilisateur.<\/p>\n\n\n\n<h3 class=\"wp-block-heading\"><strong>b) Cookies de pr\u00e9f\u00e9rence ou de personnalisation<\/strong><\/h3>\n\n\n\n<p>Ils permettent de m\u00e9moriser des informations afin que l'utilisateur puisse acc\u00e9der au service avec certaines caract\u00e9ristiques, telles que<\/p>\n\n\n\n<ul class=\"wp-block-list\">\n<li>Langue<\/li>\n\n\n\n<li>Type de navigateur<\/li>\n\n\n\n<li>Configuration r\u00e9gionale<\/li>\n<\/ul>\n\n\n\n<h3 class=\"wp-block-heading\"><strong>c) Cookies d'analyse ou de mesure<\/strong><\/h3>\n\n\n\n<p>Ils nous permettent de comprendre comment les utilisateurs interagissent avec le site, d'analyser des statistiques anonymes et d'am\u00e9liorer les performances du site.<br>Exemples : Google Analytics, outils de mesure du trafic, etc.<\/p>\n\n\n\n<h3 class=\"wp-block-heading\"><strong>d) Cookies publicitaires ou de marketing<\/strong><\/h3>\n\n\n\n<p>Ils sont utilis\u00e9s pour afficher de la publicit\u00e9 bas\u00e9e sur le comportement ou les int\u00e9r\u00eats de l'utilisateur.<br>Elles peuvent provenir de tiers (Google Ads, Meta Ads, etc.).<\/p>\n\n\n\n<p>Ces cookies n\u00e9cessitent un consentement explicite.<\/p>\n\n\n\n<h2 class=\"wp-block-heading\"><strong>3. Cookies utilis\u00e9s par des tiers<\/strong><\/h2>\n\n\n\n<p>Notre site peut utiliser des services tiers qui installent des cookies \u00e0 partir de leurs propres domaines \u00e0 des fins analytiques, techniques ou publicitaires. Voici quelques fournisseurs possibles :<\/p>\n\n\n\n<ul class=\"wp-block-list\">\n<li>Google (Analytics, Ads, Tag Manager)<\/li>\n\n\n\n<li>Meta (Pixel Facebook)<\/li>\n\n\n\n<li>Services d'h\u00e9bergement ou plateformes de gestion<\/li>\n\n\n\n<li>Outils de conception ou syst\u00e8mes de gestion de contenu (WordPress, Elementor, etc.)<\/li>\n<\/ul>\n\n\n\n<p>L'utilisateur peut consulter les politiques de confidentialit\u00e9 de chaque fournisseur sur leurs sites officiels respectifs.<\/p>\n\n\n\n<h2 class=\"wp-block-heading\"><strong>4. gestion et param\u00e9trage des cookies<\/strong><\/h2>\n\n\n\n<p>Lorsque vous acc\u00e9dez au site web pour la premi\u00e8re fois, vous verrez s'afficher un <strong>banni\u00e8re de configuration<\/strong> d'accepter ou de rejeter les cookies qui ne sont pas n\u00e9cessaires.<\/p>\n\n\n\n<p>L'utilisateur peut modifier ses param\u00e8tres \u00e0 tout moment :<\/p>\n\n\n\n<ul class=\"wp-block-list\">\n<li>Panneau de configuration des cookies du site web<\/li>\n\n\n\n<li>Param\u00e8tres du navigateur :<\/li>\n<\/ul>\n\n\n\n<h3 class=\"wp-block-heading\"><strong>Dans tous les principaux navigateurs :<\/strong><\/h3>\n\n\n\n<ul class=\"wp-block-list\">\n<li><strong>Chrome<\/strong> \u2192 Param\u00e8tres &gt; Confidentialit\u00e9 et s\u00e9curit\u00e9 &gt; Cookies<\/li>\n\n\n\n<li><strong>Firefox<\/strong> \u2192 Options &gt; Confidentialit\u00e9 et s\u00e9curit\u00e9<\/li>\n\n\n\n<li><strong>Safari<\/strong> \u2192 Pr\u00e9f\u00e9rences &gt; Vie priv\u00e9e<\/li>\n\n\n\n<li><strong>Bord<\/strong> \u2192 Param\u00e8tres &gt; Cookies et autorisations du site<\/li>\n<\/ul>\n\n\n\n<p>La d\u00e9sactivation des cookies peut affecter la fonctionnalit\u00e9 du site web.<\/p>\n\n\n\n<h2 class=\"wp-block-heading\"><strong>5. D\u00e9sactiver ou supprimer les cookies<\/strong><\/h2>\n\n\n\n<p>Vous pouvez supprimer les cookies install\u00e9s sur votre appareil en acc\u00e9dant aux param\u00e8tres de votre navigateur. Vous pouvez \u00e9galement s\u00e9lectionner l'option de navigation en mode priv\u00e9 pour emp\u00eacher l'installation de cookies.<\/p>\n\n\n\n<h2 class=\"wp-block-heading\"><strong>6. Mise \u00e0 jour de la politique en mati\u00e8re de cookies<\/strong><\/h2>\n\n\n\n<p>Nous pouvons mettre \u00e0 jour notre politique en mati\u00e8re de cookies pour l'adapter aux exigences l\u00e9gales ou techniques.<br>Toute modification sera publi\u00e9e sur cette page.<\/p>","protected":false},"excerpt":{"rendered":"<p>1. \u00bfQu\u00e9 son las cookies? Las cookies son archivos que se descargan en tu dispositivo al acceder a determinados sitios web. Permiten almacenar y recuperar informaci\u00f3n sobre los h\u00e1bitos de navegaci\u00f3n del usuario o de su equipo, y pueden utilizarse para reconocer al usuario. Las cookies no suelen almacenar informaci\u00f3n sensible (como datos personales, bancarios [&hellip;]<\/p>\n","protected":false},"author":5,"featured_media":0,"parent":0,"menu_order":0,"comment_status":"closed","ping_status":"closed","template":"","meta":{"_acf_changed":false,"footnotes":""},"class_list":["post-1048","page","type-page","status-publish","hentry"],"acf":[],"_links":{"self":[{"href":"https:\/\/www.harnnett.es\/fr\/wp-json\/wp\/v2\/pages\/1048","targetHints":{"allow":["GET"]}}],"collection":[{"href":"https:\/\/www.harnnett.es\/fr\/wp-json\/wp\/v2\/pages"}],"about":[{"href":"https:\/\/www.harnnett.es\/fr\/wp-json\/wp\/v2\/types\/page"}],"author":[{"embeddable":true,"href":"https:\/\/www.harnnett.es\/fr\/wp-json\/wp\/v2\/users\/5"}],"replies":[{"embeddable":true,"href":"https:\/\/www.harnnett.es\/fr\/wp-json\/wp\/v2\/comments?post=1048"}],"version-history":[{"count":1,"href":"https:\/\/www.harnnett.es\/fr\/wp-json\/wp\/v2\/pages\/1048\/revisions"}],"predecessor-version":[{"id":1050,"href":"https:\/\/www.harnnett.es\/fr\/wp-json\/wp\/v2\/pages\/1048\/revisions\/1050"}],"wp:attachment":[{"href":"https:\/\/www.harnnett.es\/fr\/wp-json\/wp\/v2\/media?parent=1048"}],"curies":[{"name":"wp","href":"https:\/\/api.w.org\/{rel}","templated":true}]}}