{"id":262,"date":"2025-08-27T01:07:34","date_gmt":"2025-08-27T01:07:34","guid":{"rendered":"https:\/\/harnnett.harnnett.es\/?post_type=product&#038;p=262"},"modified":"2025-09-19T15:28:08","modified_gmt":"2025-09-19T15:28:08","slug":"harnnett-silence-vibrant-vacuum-system","status":"publish","type":"product","link":"https:\/\/www.harnnett.es\/fr\/harnnett-silence-vibrant-vacuum-system\/","title":{"rendered":"SYST\u00c8ME D'ASPIRATION H\u00c4RNNETT SILENCE VIBRANT"},"content":{"rendered":"<p>La mati\u00e8re extraite est achemin\u00e9e par la canalisation jusqu'au sac filtrant, o\u00f9 elle est s\u00e9par\u00e9e. L'air pur est renvoy\u00e9 dans l'environnement de travail et les d\u00e9chets sont collect\u00e9s dans un sac.<\/p>\n<p>Puissance d'aspiration \u00e9lev\u00e9e. Ch\u00e2ssis robuste en t\u00f4le d'acier.<\/p>\n<p>Ils constituent un choix id\u00e9al en raison de leur puissance \u00e9lev\u00e9e, de leur faible encombrement et de leur fonctionnement silencieux.<\/p>","protected":false},"excerpt":{"rendered":"<p>Les nouveaux syst\u00e8mes d'aspiration H\u00c4RNNETT SILENCE VIBRANT sont utilis\u00e9s pour l'aspiration des copeaux produits lors de l'usinage et de la coupe du bois et des mat\u00e9riaux similaires.<\/p>","protected":false},"featured_media":263,"comment_status":"open","ping_status":"closed","template":"","meta":{"_acf_changed":false},"product_brand":[51],"product_cat":[30],"product_tag":[57],"class_list":{"0":"post-262","1":"product","2":"type-product","3":"status-publish","4":"has-post-thumbnail","6":"product_brand-harnnett","7":"product_cat-aspiradores-maquinaria","8":"product_tag-materiales-tecnicos","10":"first","11":"instock","12":"shipping-taxable","13":"product-type-simple"},"acf":[],"_links":{"self":[{"href":"https:\/\/www.harnnett.es\/fr\/wp-json\/wp\/v2\/product\/262","targetHints":{"allow":["GET"]}}],"collection":[{"href":"https:\/\/www.harnnett.es\/fr\/wp-json\/wp\/v2\/product"}],"about":[{"href":"https:\/\/www.harnnett.es\/fr\/wp-json\/wp\/v2\/types\/product"}],"replies":[{"embeddable":true,"href":"https:\/\/www.harnnett.es\/fr\/wp-json\/wp\/v2\/comments?post=262"}],"wp:featuredmedia":[{"embeddable":true,"href":"https:\/\/www.harnnett.es\/fr\/wp-json\/wp\/v2\/media\/263"}],"wp:attachment":[{"href":"https:\/\/www.harnnett.es\/fr\/wp-json\/wp\/v2\/media?parent=262"}],"wp:term":[{"taxonomy":"product_brand","embeddable":true,"href":"https:\/\/www.harnnett.es\/fr\/wp-json\/wp\/v2\/product_brand?post=262"},{"taxonomy":"product_cat","embeddable":true,"href":"https:\/\/www.harnnett.es\/fr\/wp-json\/wp\/v2\/product_cat?post=262"},{"taxonomy":"product_tag","embeddable":true,"href":"https:\/\/www.harnnett.es\/fr\/wp-json\/wp\/v2\/product_tag?post=262"}],"curies":[{"name":"wp","href":"https:\/\/api.w.org\/{rel}","templated":true}]}}