{"id":279,"date":"2025-08-27T02:27:40","date_gmt":"2025-08-27T02:27:40","guid":{"rendered":"https:\/\/harnnett.harnnett.es\/?post_type=product&#038;p=279"},"modified":"2025-12-30T11:03:19","modified_gmt":"2025-12-30T11:03:19","slug":"scie-verticale-harnnett-ed","status":"publish","type":"product","link":"https:\/\/www.harnnett.es\/fr\/scie-verticale-harnnett-ed\/","title":{"rendered":"Scie \u00e0 bois verticale"},"content":{"rendered":"<h2><span style=\"font-weight: 400;\">La scie \u00e0 bois verticale qui transforme votre production<\/span><\/h2>\n<p><span style=\"font-weight: 400;\">Si vous \u00eates \u00e0 la recherche d'une scie \u00e0 bois verticale qui combine<\/span><b> robustesse, pr\u00e9cision et facilit\u00e9 d'utilisation, <\/b><span style=\"font-weight: 400;\">notre scie \u00e0 panneaux verticale H\u00c4RNNETT est l'outil professionnel dont votre atelier a besoin.\u00a0<\/span><\/p>\n<input type='hidden' bg_collapse_expand='69e6a1b4eda385022644176' value='69e6a1b4eda385022644176'><input type='hidden' id='bg-show-more-text-69e6a1b4eda385022644176' value='Leer m\u00e1s'><input type='hidden' id='bg-show-less-text-69e6a1b4eda385022644176' value='Leer menos'><button id='bg-showmore-action-69e6a1b4eda385022644176' class='bg-showmore-plg-button bg-blue-button'   style=\" color:#ffffff;\">En savoir plus<\/button><div id='bg-showmore-hidden-69e6a1b4eda385022644176' ><\/p>\n<p><span style=\"font-weight: 400\">Cette machine permet de r\u00e9aliser des coupes droites et pr\u00e9cises, verticales et horizontales, sur des planches de bois, en offrant <\/span><b>des r\u00e9sultats de haute qualit\u00e9<\/b><span style=\"font-weight: 400\"> qui aboutissent \u00e0 des pi\u00e8ces pr\u00eates \u00e0 \u00eatre assembl\u00e9es ou finies.\u00a0<\/span><\/p>\n<p><span style=\"font-weight: 400\">Gr\u00e2ce \u00e0 sa conception solide et \u00e0 ses composants bien int\u00e9gr\u00e9s, cette machine \u00e0 couper le bois verticale vous permettra de <\/span><b>optimiser les d\u00e9lais et am\u00e9liorer la coh\u00e9rence<\/b><span style=\"font-weight: 400\"> de chaque op\u00e9ration.\u00a0<\/span><\/p>\n<h2><span style=\"font-weight: 400\">Principales caract\u00e9ristiques de la scie \u00e0 panneaux verticale<\/span><\/h2>\n<p><span style=\"font-weight: 400\">La scie \u00e0 panneaux verticale est con\u00e7ue pour les ateliers qui doivent <\/span><b>pr\u00e9cision, stabilit\u00e9 et facilit\u00e9 de manipulation dans chaque coupe tout en \u00e9conomisant de l'espace<\/b><span style=\"font-weight: 400\">. Sa conception structurelle et la qualit\u00e9 de ses composants lui permettent de couper des planches de diff\u00e9rentes tailles tout en maintenant une performance constante.\u00a0<\/span><\/p>\n<p><span style=\"font-weight: 400\">Voici ses principales caract\u00e9ristiques :<\/span><\/p>\n<ul>\n<li style=\"font-weight: 400\"><span style=\"font-weight: 400\">Cadre : <\/span><b>monobloc robuste<\/b><span style=\"font-weight: 400\">, con\u00e7u pour assurer la stabilit\u00e9 pendant toute la dur\u00e9e du processus de coupe.<\/span><span style=\"font-weight: 400\"><br \/>\n<\/span><\/li>\n<li style=\"font-weight: 400\"><span style=\"font-weight: 400\">Syst\u00e8me de soutien avec <\/span><b>profil\u00e9s en aluminium<\/b><span style=\"font-weight: 400\"> y <\/span><b>Lamelles en PVC<\/b><span style=\"font-weight: 400\">, qui facilite le glissement, la mobilit\u00e9 et le soutien des planches.<\/span><span style=\"font-weight: 400\"><br \/>\n<\/span><\/li>\n<li style=\"font-weight: 400\"><b>D\u00e9filement manuel<\/b><span style=\"font-weight: 400\"> du chariot et de la scie pour des coupes horizontales et verticales pratiques et adaptables.<\/span><span style=\"font-weight: 400\"><br \/>\n<\/span><\/li>\n<li style=\"font-weight: 400\"><span style=\"font-weight: 400\">Capacit\u00e9 \u00e0 travailler avec les deux <\/span><b>panneaux verticaux grand format<\/b><span style=\"font-weight: 400\"> ainsi qu'avec des morceaux plus petits, en maintenant des coupes constantes et uniformes.<\/span><span style=\"font-weight: 400\"><br \/>\n<\/span><\/li>\n<li style=\"font-weight: 400\"><b>Disque principal \u00d8250 mm<\/b><span style=\"font-weight: 400\"> y <\/span><b>lame d'inciseur \u00d880 mm<\/b><span style=\"font-weight: 400\">, configur\u00e9 pour obtenir une vitesse de coupe \u00e9quilibr\u00e9e sur diff\u00e9rents mat\u00e9riaux.<\/span><span style=\"font-weight: 400\"><br \/>\n<\/span><\/li>\n<li style=\"font-weight: 400\"><b>Moteur de 5,5 CV<\/b><span style=\"font-weight: 400\">, La machine est con\u00e7ue pour un travail continu et exigeant dans les processus de production.<\/span><span style=\"font-weight: 400\"><br \/>\n<\/span><\/li>\n<\/ul>\n<h2><span style=\"font-weight: 400\">Capacit\u00e9 de coupe \u00e9lev\u00e9e et r\u00e9sultats professionnels<\/span><\/h2>\n<p><span style=\"font-weight: 400\">L'un des grands avantages de cette scie \u00e0 bois verticale est qu'elle peut \u00eatre utilis\u00e9e en tant qu'outil de travail. <\/span><b>hauteur de coupe 2 100 mm<\/b><span style=\"font-weight: 400\">, Cette solution est id\u00e9ale pour les ateliers qui produisent des meubles, des \u00e9tag\u00e8res ou de grands panneaux verticaux.\u00a0<\/span><\/p>\n<p><span style=\"font-weight: 400\">En outre, son<\/span><b> Profondeur de coupe de 60 mm <\/b><span style=\"font-weight: 400\">vous permet de vous attaquer \u00e0 une vari\u00e9t\u00e9 de t\u00e2ches, des simples coupes droites aux coupes plus exigeantes dans le bois massif ou les panneaux techniques. La rotation des disques principaux \u00e0 5 800 tours\/minute et du disque d'incision \u00e0 7 800 tours\/minute offre une performance \u00e9quilibr\u00e9e pour les t\u00e2ches suivantes <\/span><b>des coupes pr\u00e9cises et sans effort.<\/b><\/p>\n<p><span style=\"font-weight: 400\">La capacit\u00e9 de coupe verticale des planches fait de cette scie un excellent investissement pour les menuiseries et les ateliers \u00e0 la recherche d'un outil capable de couper les planches.<\/span><b> fiable, sans sacrifier la pr\u00e9cision ou la qualit\u00e9 des r\u00e9sultats.\u00a0<\/b><\/p>\n<h2><span style=\"font-weight: 400\">Conception ergonomique et fonctionnalit\u00e9 r\u00e9glable<\/span><\/h2>\n<p><span style=\"font-weight: 400\">La machine \u00e0 couper le bois verticale H\u00c4RNNETT est \u00e9quip\u00e9e d'une table \u00e0 rouleaux en aluminium qui facilite le d\u00e9placement des pi\u00e8ces, ce qui permet d'utiliser la machine pour couper le bois. <\/span><b>les coupes longues ou continues ne n\u00e9cessitent pas d'effort suppl\u00e9mentaire.<\/b><span style=\"font-weight: 400\">l par l'op\u00e9rateur.\u00a0<\/span><\/p>\n<p><span style=\"font-weight: 400\">La conception verticale de cette machine de d\u00e9coupe permet non seulement d'\u00e9conomiser de l'espace dans l'atelier, mais aussi d'obtenir un meilleur rendement. <\/span><b>une plus grande souplesse dans les proc\u00e9dures <\/b><span style=\"font-weight: 400\">lorsque des coupes horizontales et verticales doivent \u00eatre effectu\u00e9es avec le m\u00eame outil.\u00a0<\/span><\/p>\n<p><span style=\"font-weight: 400\">En outre, cette scie \u00e0 bois verticale est \u00e9quip\u00e9e d'une but\u00e9e \u00e0 affichage num\u00e9rique pour les coupes verticales, ce qui permet de r\u00e9gler facilement la profondeur et la hauteur de coupe, am\u00e9liorant ainsi les performances de coupe.<\/span><b> r\u00e9p\u00e9tabilit\u00e9 et pr\u00e9cision dans chaque op\u00e9ration.\u00a0<\/b><\/p>\n<h2><span style=\"font-weight: 400\">Pourquoi investir dans une scie \u00e0 bois verticale de qualit\u00e9 ?<\/span><\/h2>\n<p><span style=\"font-weight: 400\">L'acquisition d'une machine de d\u00e9coupe verticale de qualit\u00e9 permet non seulement d'am\u00e9liorer les r\u00e9sultats financiers, mais aussi de cr\u00e9er un environnement de production. <\/span><b>plus organis\u00e9e et plus efficace. <\/b><span style=\"font-weight: 400\">Gr\u00e2ce \u00e0 sa conception et \u00e0 ses capacit\u00e9s, cet \u00e9quipement convient aussi bien aux ateliers de taille moyenne qu'\u00e0 la production continue dans les usines de meubles ou les menuiseries sp\u00e9cialis\u00e9es.\u00a0<\/span><\/p>\n<p><span style=\"font-weight: 400\">En outre, le fait d'avoir un<\/span><b> scie \u00e0 panneaux verticale<\/b><span style=\"font-weight: 400\"> avec des composants solides et bien con\u00e7us r\u00e9duit le besoin de r\u00e9glages constants et maintient la machine \u00e0 un niveau de pr\u00e9cision \u00e9lev\u00e9.<\/span><\/p>\n<p><span style=\"font-weight: 400\">Disposer d'un<\/span><b> scie \u00e0 panneaux verticale pour le bois<\/b><span style=\"font-weight: 400\"> La combinaison d'une construction robuste, d'une facilit\u00e9 d'utilisation et de r\u00e9sultats professionnels permet de r\u00e9duire les temps d'arr\u00eat impr\u00e9vus et de consacrer plus de temps \u00e0 la production r\u00e9elle.\u00a0<\/span><\/p>\n<h2><span style=\"font-weight: 400\">Demandez un devis maintenant : prix et disponibilit\u00e9 des scies verticales pour le bois<\/span><\/h2>\n<p><span style=\"font-weight: 400\">Si vous voulez savoir quel est le<\/span><b> prix de la scie verticale pour le bois<\/b><span style=\"font-weight: 400\">, Sur notre site, vous pouvez demander votre devis en ligne en un clic et recevoir des conseils personnalis\u00e9s en fonction des besoins de votre atelier et de votre production.<\/span><\/p>\n<p><span style=\"font-weight: 400\">Vous verrez comment ce coupeur de bois vertical peut devenir un \u00e9l\u00e9ment cl\u00e9 de votre travail gr\u00e2ce \u00e0 sa construction solide, sa vitesse de coupe \u00e9lev\u00e9e et sa capacit\u00e9 \u00e0 traiter des planches de grande taille.<\/span><a href=\"https:\/\/www.harnnett.es\/fr\/scie-verticale-harnnett-ed\/?utm_source=chatgpt.com\"><span style=\"font-weight: 400\">\u00a0<\/span><\/a><\/p>\n<p><span style=\"font-weight: 400\">Vous pouvez \u00e9galement<\/span><b> t\u00e9l\u00e9charger le catalogue en PDF <\/b><span style=\"font-weight: 400\">avec la fiche technique d\u00e9taill\u00e9e : dimensions, capacit\u00e9s, disques, r\u00e9glages possibles et plus d'informations \u00e0 comparer avant de d\u00e9cider de votre achat.\u00a0<\/span><\/p>\n<h2><span style=\"font-weight: 400\">Qualit\u00e9, pr\u00e9cision et performance dans votre atelier<\/span><\/h2>\n<p><span style=\"font-weight: 400\">La scie \u00e0 panneaux verticale H\u00c4RNNETT est un outil complet pour tous les professionnels qui ont besoin de travailler de mani\u00e8re fiable et pr\u00e9cise.\u00a0<\/span><\/p>\n<p><span style=\"font-weight: 400\">Gr\u00e2ce \u00e0 la possibilit\u00e9 de demander un devis en ligne ou de t\u00e9l\u00e9charger le catalogue technique, vous pouvez<\/span><b> de prendre rapidement et facilement une d\u00e9cision \u00e9clair\u00e9e<\/b><span style=\"font-weight: 400\">. Incorporez cette scie \u00e0 bois verticale dans votre atelier et faites passer vos processus \u00e0 un niveau sup\u00e9rieur de pr\u00e9cision et de professionnalisme.<\/span><\/p>\n<p><\/div>","protected":false},"excerpt":{"rendered":"<p>Construit dans un cadre monobloc avec un plan de support en profil\u00e9s d'aluminium avec des lattes en PVC.<\/p>\n<p>Id\u00e9al pour couper divers mat\u00e9riaux tels que le bois ou le plastique.<\/p>","protected":false},"featured_media":280,"comment_status":"open","ping_status":"closed","template":"","meta":{"_acf_changed":false},"product_brand":[51],"product_cat":[21,32],"product_tag":[57],"class_list":{"0":"post-279","1":"product","2":"type-product","3":"status-publish","4":"has-post-thumbnail","6":"product_brand-harnnett","7":"product_cat-maquinaria","8":"product_cat-sierras-verticales","9":"product_tag-materiales-tecnicos","11":"first","12":"instock","13":"shipping-taxable","14":"product-type-simple"},"acf":[],"_links":{"self":[{"href":"https:\/\/www.harnnett.es\/fr\/wp-json\/wp\/v2\/product\/279","targetHints":{"allow":["GET"]}}],"collection":[{"href":"https:\/\/www.harnnett.es\/fr\/wp-json\/wp\/v2\/product"}],"about":[{"href":"https:\/\/www.harnnett.es\/fr\/wp-json\/wp\/v2\/types\/product"}],"replies":[{"embeddable":true,"href":"https:\/\/www.harnnett.es\/fr\/wp-json\/wp\/v2\/comments?post=279"}],"wp:featuredmedia":[{"embeddable":true,"href":"https:\/\/www.harnnett.es\/fr\/wp-json\/wp\/v2\/media\/280"}],"wp:attachment":[{"href":"https:\/\/www.harnnett.es\/fr\/wp-json\/wp\/v2\/media?parent=279"}],"wp:term":[{"taxonomy":"product_brand","embeddable":true,"href":"https:\/\/www.harnnett.es\/fr\/wp-json\/wp\/v2\/product_brand?post=279"},{"taxonomy":"product_cat","embeddable":true,"href":"https:\/\/www.harnnett.es\/fr\/wp-json\/wp\/v2\/product_cat?post=279"},{"taxonomy":"product_tag","embeddable":true,"href":"https:\/\/www.harnnett.es\/fr\/wp-json\/wp\/v2\/product_tag?post=279"}],"curies":[{"name":"wp","href":"https:\/\/api.w.org\/{rel}","templated":true}]}}