{"id":295,"date":"2025-08-27T03:29:25","date_gmt":"2025-08-27T03:29:25","guid":{"rendered":"https:\/\/harnnett.harnnett.es\/?post_type=product&#038;p=295"},"modified":"2025-09-19T15:27:49","modified_gmt":"2025-09-19T15:27:49","slug":"retour-harnnett-multi-task-high-speed","status":"publish","type":"product","link":"https:\/\/www.harnnett.es\/fr\/retour-harnnett-multi-task-high-speed\/","title":{"rendered":"RETURN H\u00c4RNNETT MULTI-TASK HIGH SPEED"},"content":{"rendered":"<h2>Retour rapide<\/h2>\n<p>Cela nous permet d'optimiser l'ensemble du processus de collage, en le rendant facile, pratique et continu.<\/p>\n<p>Il est compos\u00e9 de diff\u00e9rents groupes qui en font un retour tr\u00e8s complet, capable de fonctionner \u00e0 des vitesses tr\u00e8s \u00e9lev\u00e9es et quelle que soit la longueur de la plaqueuse de chants, puisqu'il est capable de s'y adapter.<\/p>","protected":false},"excerpt":{"rendered":"<p>Le nouveau retour \u00e0 grande vitesse H\u00c4RNNETT Multi-Task nous permet de transporter en toute s\u00e9curit\u00e9 et en douceur toutes les pi\u00e8ces sur notre encolleuse \u00e0 grande vitesse, \u00e0 la m\u00eame vitesse d'encollage.<\/p>","protected":false},"featured_media":296,"comment_status":"open","ping_status":"closed","template":"","meta":{"_acf_changed":false},"product_brand":[51],"product_cat":[48,21,33],"product_tag":[57],"class_list":{"0":"post-295","1":"product","2":"type-product","3":"status-publish","4":"has-post-thumbnail","6":"product_brand-harnnett","7":"product_cat-centros-de-mecanizado","8":"product_cat-maquinaria","9":"product_cat-retornos","10":"product_tag-materiales-tecnicos","12":"first","13":"instock","14":"shipping-taxable","15":"product-type-simple"},"acf":[],"_links":{"self":[{"href":"https:\/\/www.harnnett.es\/fr\/wp-json\/wp\/v2\/product\/295","targetHints":{"allow":["GET"]}}],"collection":[{"href":"https:\/\/www.harnnett.es\/fr\/wp-json\/wp\/v2\/product"}],"about":[{"href":"https:\/\/www.harnnett.es\/fr\/wp-json\/wp\/v2\/types\/product"}],"replies":[{"embeddable":true,"href":"https:\/\/www.harnnett.es\/fr\/wp-json\/wp\/v2\/comments?post=295"}],"wp:featuredmedia":[{"embeddable":true,"href":"https:\/\/www.harnnett.es\/fr\/wp-json\/wp\/v2\/media\/296"}],"wp:attachment":[{"href":"https:\/\/www.harnnett.es\/fr\/wp-json\/wp\/v2\/media?parent=295"}],"wp:term":[{"taxonomy":"product_brand","embeddable":true,"href":"https:\/\/www.harnnett.es\/fr\/wp-json\/wp\/v2\/product_brand?post=295"},{"taxonomy":"product_cat","embeddable":true,"href":"https:\/\/www.harnnett.es\/fr\/wp-json\/wp\/v2\/product_cat?post=295"},{"taxonomy":"product_tag","embeddable":true,"href":"https:\/\/www.harnnett.es\/fr\/wp-json\/wp\/v2\/product_tag?post=295"}],"curies":[{"name":"wp","href":"https:\/\/api.w.org\/{rel}","templated":true}]}}