{"id":323,"date":"2025-08-27T05:10:50","date_gmt":"2025-08-27T05:10:50","guid":{"rendered":"https:\/\/harnnett.harnnett.es\/?post_type=product&#038;p=323"},"modified":"2025-09-19T15:27:35","modified_gmt":"2025-09-19T15:27:35","slug":"harnnett-btr","status":"publish","type":"product","link":"https:\/\/www.harnnett.es\/fr\/harnnett-btr\/","title":{"rendered":"H\u00c4RNNETT BTR"},"content":{"rendered":"<h2>Machine \u00e0 coller BTR<\/h2>\n<p>Malgr\u00e9 leur taille, selon leur composition, leurs qualit\u00e9s constructives sont similaires \u00e0 celles des mod\u00e8les de grande production, car ils sont enti\u00e8rement construits en acier et en fonte, en utilisant les meilleurs mat\u00e9riaux europ\u00e9ens tant sur le plan m\u00e9canique qu'\u00e9lectronique et pneumatique. Ils sont \u00e9quip\u00e9s d'une chaudi\u00e8re \u00e0 chauffage rapide rev\u00eatue de t\u00e9flon et d'un syst\u00e8me de changement rapide. Fonctionnement parfait avec les colles EVA et polyol\u00e9phoniques.<\/p>\n<p>Mod\u00e8le avec toupie d'entr\u00e9e, \u00e9cran tactile, lampe IR et arrondisseur, entre autres.<\/p>","protected":false},"excerpt":{"rendered":"<p>La plaqueuse de chants H\u00c4RNNETT BTR r\u00e9pond aux besoins de l'atelier et de la petite usine avec les normes de qualit\u00e9 les plus \u00e9lev\u00e9es en mati\u00e8re de finition.<\/p>","protected":false},"featured_media":324,"comment_status":"open","ping_status":"closed","template":"","meta":{"_acf_changed":false},"product_brand":[51],"product_cat":[36,21],"product_tag":[57],"class_list":{"0":"post-323","1":"product","2":"type-product","3":"status-publish","4":"has-post-thumbnail","6":"product_brand-harnnett","7":"product_cat-encoladoras-de-cantos","8":"product_cat-maquinaria","9":"product_tag-materiales-tecnicos","11":"first","12":"instock","13":"shipping-taxable","14":"product-type-simple"},"acf":[],"_links":{"self":[{"href":"https:\/\/www.harnnett.es\/fr\/wp-json\/wp\/v2\/product\/323","targetHints":{"allow":["GET"]}}],"collection":[{"href":"https:\/\/www.harnnett.es\/fr\/wp-json\/wp\/v2\/product"}],"about":[{"href":"https:\/\/www.harnnett.es\/fr\/wp-json\/wp\/v2\/types\/product"}],"replies":[{"embeddable":true,"href":"https:\/\/www.harnnett.es\/fr\/wp-json\/wp\/v2\/comments?post=323"}],"wp:featuredmedia":[{"embeddable":true,"href":"https:\/\/www.harnnett.es\/fr\/wp-json\/wp\/v2\/media\/324"}],"wp:attachment":[{"href":"https:\/\/www.harnnett.es\/fr\/wp-json\/wp\/v2\/media?parent=323"}],"wp:term":[{"taxonomy":"product_brand","embeddable":true,"href":"https:\/\/www.harnnett.es\/fr\/wp-json\/wp\/v2\/product_brand?post=323"},{"taxonomy":"product_cat","embeddable":true,"href":"https:\/\/www.harnnett.es\/fr\/wp-json\/wp\/v2\/product_cat?post=323"},{"taxonomy":"product_tag","embeddable":true,"href":"https:\/\/www.harnnett.es\/fr\/wp-json\/wp\/v2\/product_tag?post=323"}],"curies":[{"name":"wp","href":"https:\/\/api.w.org\/{rel}","templated":true}]}}