{"id":608,"date":"2025-08-27T23:33:47","date_gmt":"2025-08-27T23:33:47","guid":{"rendered":"https:\/\/harnnett.harnnett.es\/?post_type=product&#038;p=608"},"modified":"2025-09-19T15:26:51","modified_gmt":"2025-09-19T15:26:51","slug":"cnc-harnnett-target-universal","status":"publish","type":"product","link":"https:\/\/www.harnnett.es\/fr\/cnc-harnnett-target-universal\/","title":{"rendered":"CNC H\u00c4RNNETT TARGET UNIVERSAL"},"content":{"rendered":"<h2>Deux machines dans le m\u00eame espace<\/h2>\n<p>Gr\u00e2ce \u00e0 sa table de travail \u00e0 double couche, il permet de travailler sur diff\u00e9rents mat\u00e9riaux tels que le bois, les plastiques, l'aluminium ou les m\u00e9taux non ferreux, ainsi que sur de nouveaux mat\u00e9riaux tels que les Solid Surfaces (Krion ou Corian) et les composites (Trespa, Dibond ou Alucobond).<\/p>\n<p>Si vous souhaitez usiner des portes, des portails ou des fen\u00eatres, il vous suffit de faire glisser les consoles en aluminium sur la table Nesting.<\/p>\n<ul class=\"list-style\">\n<li>Gr\u00e2ce \u00e0 une structure robuste et \u00e0 une conception qui tient compte de ces deux modes de travail, il est possible de disposer d'une machine compl\u00e8te en une seule, sans renoncer \u00e0 la fonctionnalit\u00e9 des centres d'usinage \u00e0 la barre en aluminium traditionnels et des tables de travail \u00e0 grille.<\/li>\n<li>Pour les travaux \u00e0 forte production, la machine peut fonctionner en mode pendulaire. Cela signifie qu'il n'y a pas de perte de temps pour le chargement et le d\u00e9chargement du mat\u00e9riel, car le travail est effectu\u00e9 en continu.<\/li>\n<li>Pour compl\u00e9ter ce centre d'usinage, de puissantes fraiseuses verticales avec changement d'outil, unit\u00e9 de per\u00e7age et moteur horizontal sont disponibles en fonction de vos besoins.<\/li>\n<\/ul>","protected":false},"excerpt":{"rendered":"<p>Leur statut universel permet \u00e0 ces centres d'usinage d'\u00eatre deux machines en une.<\/p>","protected":false},"featured_media":610,"comment_status":"open","ping_status":"closed","template":"","meta":{"_acf_changed":false},"product_brand":[51],"product_cat":[21,48,44],"product_tag":[57],"class_list":{"0":"post-608","1":"product","2":"type-product","3":"status-publish","4":"has-post-thumbnail","6":"product_brand-harnnett","7":"product_cat-maquinaria","8":"product_cat-centros-de-mecanizado","9":"product_cat-universal","10":"product_tag-materiales-tecnicos","12":"first","13":"instock","14":"shipping-taxable","15":"product-type-simple"},"acf":[],"_links":{"self":[{"href":"https:\/\/www.harnnett.es\/fr\/wp-json\/wp\/v2\/product\/608","targetHints":{"allow":["GET"]}}],"collection":[{"href":"https:\/\/www.harnnett.es\/fr\/wp-json\/wp\/v2\/product"}],"about":[{"href":"https:\/\/www.harnnett.es\/fr\/wp-json\/wp\/v2\/types\/product"}],"replies":[{"embeddable":true,"href":"https:\/\/www.harnnett.es\/fr\/wp-json\/wp\/v2\/comments?post=608"}],"wp:featuredmedia":[{"embeddable":true,"href":"https:\/\/www.harnnett.es\/fr\/wp-json\/wp\/v2\/media\/610"}],"wp:attachment":[{"href":"https:\/\/www.harnnett.es\/fr\/wp-json\/wp\/v2\/media?parent=608"}],"wp:term":[{"taxonomy":"product_brand","embeddable":true,"href":"https:\/\/www.harnnett.es\/fr\/wp-json\/wp\/v2\/product_brand?post=608"},{"taxonomy":"product_cat","embeddable":true,"href":"https:\/\/www.harnnett.es\/fr\/wp-json\/wp\/v2\/product_cat?post=608"},{"taxonomy":"product_tag","embeddable":true,"href":"https:\/\/www.harnnett.es\/fr\/wp-json\/wp\/v2\/product_tag?post=608"}],"curies":[{"name":"wp","href":"https:\/\/api.w.org\/{rel}","templated":true}]}}