{"id":687,"date":"2025-08-28T05:31:48","date_gmt":"2025-08-28T05:31:48","guid":{"rendered":"https:\/\/harnnett.harnnett.es\/?post_type=product&#038;p=687"},"modified":"2025-09-19T15:26:04","modified_gmt":"2025-09-19T15:26:04","slug":"cnc-harnnett-track-on-board-2","status":"publish","type":"product","link":"https:\/\/www.harnnett.es\/fr\/cnc-harnnett-track-on-board-2\/","title":{"rendered":"CNC H\u00c4RNNETT TRACK ON BOARD"},"content":{"rendered":"<h2>Changement \u00e0 bord<\/h2>\n<p>Le changement d'outil lin\u00e9aire embarqu\u00e9 permet de gagner \u00e9norm\u00e9ment de temps lors des changements d'outils, car l'outil se d\u00e9place dans le portique de la machine.<\/p>\n<p>Table de travail \u00e0 double couche id\u00e9ale pour \u00e9viter le glissement de la pi\u00e8ce, parfaite pour serrer tout type de pi\u00e8ce quelle que soit sa forme et sa taille.<\/p>\n<p>Diff\u00e9rentes dimensions de tables sont disponibles.<\/p>\n<p>Pousseur de d\u00e9charge.<\/p>\n<p>Centre d'usinage capable d'usiner :<\/p>\n<ul class=\"list-style\">\n<li>Bois : agglom\u00e9r\u00e9, m\u00e9lamine,...<\/li>\n<li>Plastiques : PVC, ABS, poly\u00e9thyl\u00e8ne, mousse de polypropyl\u00e8ne,...<\/li>\n<li>Composites : Alucobond, Dibond, Trespa,...<\/li>\n<li>Surfaces solides : Corian, Krion, ...<\/li>\n<li>M\u00e9taux non ferreux : aluminium, bronze, ...<\/li>\n<\/ul>\n<p>&nbsp;<\/p>\n<h2>Espace de travail<\/h2>\n<p>Les panneaux peuvent \u00eatre charg\u00e9s et d\u00e9charg\u00e9s \u00e0 partir de n'importe quel point du p\u00e9rim\u00e8tre de la machine.<\/p>\n<p>S'int\u00e8gre dans n'importe quel espace d'atelier.<\/p>","protected":false},"excerpt":{"rendered":"<p>Nouvelle gamme de commandes num\u00e9riques H\u00c4RNNETT pour l'usinage \u00e0 grande vitesse de nouveaux mat\u00e9riaux tels que les composites, les m\u00e9taux non ferreux ou les surfaces solides.<\/p>","protected":false},"featured_media":690,"comment_status":"open","ping_status":"closed","template":"","meta":{"_acf_changed":false},"product_brand":[51],"product_cat":[48,18,21],"product_tag":[57],"class_list":{"0":"post-687","1":"product","2":"type-product","3":"status-publish","4":"has-post-thumbnail","6":"product_brand-harnnett","7":"product_cat-centros-de-mecanizado","8":"product_cat-nesting","9":"product_cat-maquinaria","10":"product_tag-materiales-tecnicos","12":"first","13":"instock","14":"shipping-taxable","15":"product-type-simple"},"acf":[],"_links":{"self":[{"href":"https:\/\/www.harnnett.es\/fr\/wp-json\/wp\/v2\/product\/687","targetHints":{"allow":["GET"]}}],"collection":[{"href":"https:\/\/www.harnnett.es\/fr\/wp-json\/wp\/v2\/product"}],"about":[{"href":"https:\/\/www.harnnett.es\/fr\/wp-json\/wp\/v2\/types\/product"}],"replies":[{"embeddable":true,"href":"https:\/\/www.harnnett.es\/fr\/wp-json\/wp\/v2\/comments?post=687"}],"wp:featuredmedia":[{"embeddable":true,"href":"https:\/\/www.harnnett.es\/fr\/wp-json\/wp\/v2\/media\/690"}],"wp:attachment":[{"href":"https:\/\/www.harnnett.es\/fr\/wp-json\/wp\/v2\/media?parent=687"}],"wp:term":[{"taxonomy":"product_brand","embeddable":true,"href":"https:\/\/www.harnnett.es\/fr\/wp-json\/wp\/v2\/product_brand?post=687"},{"taxonomy":"product_cat","embeddable":true,"href":"https:\/\/www.harnnett.es\/fr\/wp-json\/wp\/v2\/product_cat?post=687"},{"taxonomy":"product_tag","embeddable":true,"href":"https:\/\/www.harnnett.es\/fr\/wp-json\/wp\/v2\/product_tag?post=687"}],"curies":[{"name":"wp","href":"https:\/\/api.w.org\/{rel}","templated":true}]}}