{"id":888,"date":"2025-09-17T19:26:49","date_gmt":"2025-09-17T19:26:49","guid":{"rendered":"https:\/\/www.harnnett.es\/?post_type=product&#038;p=888"},"modified":"2025-09-19T15:24:41","modified_gmt":"2025-09-19T15:24:41","slug":"articulation-du-doigt","status":"publish","type":"product","link":"https:\/\/www.harnnett.es\/fr\/articulation-du-doigt\/","title":{"rendered":"Articulation des doigts"},"content":{"rendered":"<p>Id\u00e9al pour les entreprises qui souhaitent rentabiliser leurs d\u00e9chets de bois ou commercialiser des produits Finger-Joint.<\/p>\n<p>La solution la plus intelligente et la plus durable pour tirer le meilleur parti de chaque morceau de bois.<\/p>\n<p>Diff\u00e9rents mod\u00e8les d'articulations digitales pour s'adapter \u00e0 votre espace et \u00e0 vos besoins.<\/p>\n<p>Lignes automatiques et semi-automatiques.<\/p>","protected":false},"excerpt":{"rendered":"<p>La solution la plus intelligente et la plus durable pour tirer le meilleur parti de chaque morceau de bois.<\/p>","protected":false},"featured_media":889,"comment_status":"open","ping_status":"closed","template":"","meta":{"_acf_changed":false},"product_brand":[52],"product_cat":[21],"product_tag":[56],"class_list":{"0":"post-888","1":"product","2":"type-product","3":"status-publish","4":"has-post-thumbnail","6":"product_brand-linnerman","7":"product_cat-maquinaria","8":"product_tag-macizo","10":"first","11":"instock","12":"shipping-taxable","13":"product-type-simple"},"acf":[],"_links":{"self":[{"href":"https:\/\/www.harnnett.es\/fr\/wp-json\/wp\/v2\/product\/888","targetHints":{"allow":["GET"]}}],"collection":[{"href":"https:\/\/www.harnnett.es\/fr\/wp-json\/wp\/v2\/product"}],"about":[{"href":"https:\/\/www.harnnett.es\/fr\/wp-json\/wp\/v2\/types\/product"}],"replies":[{"embeddable":true,"href":"https:\/\/www.harnnett.es\/fr\/wp-json\/wp\/v2\/comments?post=888"}],"wp:featuredmedia":[{"embeddable":true,"href":"https:\/\/www.harnnett.es\/fr\/wp-json\/wp\/v2\/media\/889"}],"wp:attachment":[{"href":"https:\/\/www.harnnett.es\/fr\/wp-json\/wp\/v2\/media?parent=888"}],"wp:term":[{"taxonomy":"product_brand","embeddable":true,"href":"https:\/\/www.harnnett.es\/fr\/wp-json\/wp\/v2\/product_brand?post=888"},{"taxonomy":"product_cat","embeddable":true,"href":"https:\/\/www.harnnett.es\/fr\/wp-json\/wp\/v2\/product_cat?post=888"},{"taxonomy":"product_tag","embeddable":true,"href":"https:\/\/www.harnnett.es\/fr\/wp-json\/wp\/v2\/product_tag?post=888"}],"curies":[{"name":"wp","href":"https:\/\/api.w.org\/{rel}","templated":true}]}}