{"id":971,"date":"2025-09-18T03:45:58","date_gmt":"2025-09-18T03:45:58","guid":{"rendered":"https:\/\/www.harnnett.es\/?post_type=product&#038;p=971"},"modified":"2025-09-19T15:20:24","modified_gmt":"2025-09-19T15:20:24","slug":"combine-3-operations-linnerman-fs-41-n","status":"publish","type":"product","link":"https:\/\/www.harnnett.es\/fr\/combine-3-operations-linnerman-fs-41-n\/","title":{"rendered":"3 op\u00e9rations combin\u00e9es Linnerman FS-41-N"},"content":{"rendered":"<ul class=\"list-style\">\n<li>Mouvement des plans de travail \u00e0 l'aide de leviers.<\/li>\n<li>Moteur de 5,5 CV<\/li>\n<li>Interrupteurs d'urgence sur le c\u00f4t\u00e9 de la machine<\/li>\n<li>Arbre \u00e0 brosse \u00e0 4 lames<\/li>\n<li>Glissi\u00e8re inclinable \u00e0 45\u00ba 1.100X1.150mm<\/li>\n<li>Protection r\u00e9glable de l'arbre de la lame<\/li>\n<li>Dimensions de la table d'\u00e9paississement 700X405mm<\/li>\n<li>2 rouleaux sur la table.<\/li>\n<li>Hauteur maximale d'\u00e9paississement 225 mm<\/li>\n<li>1 vitesse d'avance 8m\/mts.<\/li>\n<li>Rouleau d'alimentation h\u00e9lico\u00efdal.<\/li>\n<li>Capot d'aspiration pour raboteuse et d\u00e9gauchisseuse<\/li>\n<li>Unit\u00e9 de per\u00e7age avec table 500X300 mm, avec mandrin Wescott et pince excentrique et mouvement \u00e0 levier unique.<\/li>\n<li>R\u00e8glements CE<\/li>\n<\/ul>","protected":false},"excerpt":{"rendered":"<p>1.800X410mm tables en fonte rectifi\u00e9e<\/p>","protected":false},"featured_media":972,"comment_status":"open","ping_status":"closed","template":"","meta":{"_acf_changed":false},"product_brand":[52],"product_cat":[21],"product_tag":[56],"class_list":{"0":"post-971","1":"product","2":"type-product","3":"status-publish","4":"has-post-thumbnail","6":"product_brand-linnerman","7":"product_cat-maquinaria","8":"product_tag-macizo","10":"first","11":"instock","12":"shipping-taxable","13":"product-type-simple"},"acf":[],"_links":{"self":[{"href":"https:\/\/www.harnnett.es\/fr\/wp-json\/wp\/v2\/product\/971","targetHints":{"allow":["GET"]}}],"collection":[{"href":"https:\/\/www.harnnett.es\/fr\/wp-json\/wp\/v2\/product"}],"about":[{"href":"https:\/\/www.harnnett.es\/fr\/wp-json\/wp\/v2\/types\/product"}],"replies":[{"embeddable":true,"href":"https:\/\/www.harnnett.es\/fr\/wp-json\/wp\/v2\/comments?post=971"}],"wp:featuredmedia":[{"embeddable":true,"href":"https:\/\/www.harnnett.es\/fr\/wp-json\/wp\/v2\/media\/972"}],"wp:attachment":[{"href":"https:\/\/www.harnnett.es\/fr\/wp-json\/wp\/v2\/media?parent=971"}],"wp:term":[{"taxonomy":"product_brand","embeddable":true,"href":"https:\/\/www.harnnett.es\/fr\/wp-json\/wp\/v2\/product_brand?post=971"},{"taxonomy":"product_cat","embeddable":true,"href":"https:\/\/www.harnnett.es\/fr\/wp-json\/wp\/v2\/product_cat?post=971"},{"taxonomy":"product_tag","embeddable":true,"href":"https:\/\/www.harnnett.es\/fr\/wp-json\/wp\/v2\/product_tag?post=971"}],"curies":[{"name":"wp","href":"https:\/\/api.w.org\/{rel}","templated":true}]}}