{"id":980,"date":"2025-09-18T04:39:50","date_gmt":"2025-09-18T04:39:50","guid":{"rendered":"https:\/\/www.harnnett.es\/?post_type=product&#038;p=980"},"modified":"2025-09-19T15:20:39","modified_gmt":"2025-09-19T15:20:39","slug":"planer-linnerman-dma-53l","status":"publish","type":"product","link":"https:\/\/www.harnnett.es\/fr\/planer-linnerman-dma-53l\/","title":{"rendered":"Linnerman DMA 53L Raboteuse"},"content":{"rendered":"<ul class=\"list-style\">\n<li>Dimensions de la table 2900 x 530 mm, avec plateaux rectifi\u00e9s, table d'entr\u00e9e 1625 mm et table de sortie 1225 mm.<\/li>\n<li>Largeur de travail 530mm<\/li>\n<li>Longueur utile des plans de travail 2.900mm<\/li>\n<li>Moteur de 7,5 CV avec frein \u00e9lectrique.<\/li>\n<li>Diam\u00e8tre de l'arbre 125mm avec 4 lames 530x35x3<\/li>\n<li>Vitesse de rotation de l'arbre du balai 4 900 tr\/min.<\/li>\n<li>Equerre de fixation 1.110x155mm, inclinable \u00e0 45\u00ba.<\/li>\n<li>Indicateur de profondeur de passe.<\/li>\n<li>Profondeur de rabotage maximale : 8 mm<\/li>\n<li>Prot\u00e8ge-lame arri\u00e8re et avant.<\/li>\n<li>Panneau de commande suspendu pour le d\u00e9marreur \u00e0 triangle en \u00e9toile et l'arr\u00eat d'urgence.<\/li>\n<li>\u00c9quip\u00e9 d'une entr\u00e9e d'aspiration de 160 mm de diam\u00e8tre.<\/li>\n<li>R\u00e9glementation CE.<\/li>\n<li>Poids net 800 kg<\/li>\n<\/ul>","protected":false},"excerpt":{"rendered":"<p>Dimensiones de las mesas 2900 x 530 mm, con tableros rectificados , mesa de entrada de 1625 mm y mesa de salida 1225 mm. Ancho \u00fatil de elaboraci\u00f3n 530mm Largo \u00fatil de los planos de trabajo 2.900mm Motor 7,5HP con freno el\u00e9ctrico. Eje di\u00e1metro 125mm con 4 cuchillas de 530x35x3 Velocidad de rotaci\u00f3n del eje [&hellip;]<\/p>\n","protected":false},"featured_media":981,"comment_status":"open","ping_status":"closed","template":"","meta":{"_acf_changed":false},"product_brand":[52],"product_cat":[21,55],"product_tag":[56],"class_list":{"0":"post-980","1":"product","2":"type-product","3":"status-publish","4":"has-post-thumbnail","6":"product_brand-linnerman","7":"product_cat-maquinaria","8":"product_cat-cepilladora","9":"product_tag-macizo","11":"first","12":"instock","13":"shipping-taxable","14":"product-type-simple"},"acf":[],"_links":{"self":[{"href":"https:\/\/www.harnnett.es\/fr\/wp-json\/wp\/v2\/product\/980","targetHints":{"allow":["GET"]}}],"collection":[{"href":"https:\/\/www.harnnett.es\/fr\/wp-json\/wp\/v2\/product"}],"about":[{"href":"https:\/\/www.harnnett.es\/fr\/wp-json\/wp\/v2\/types\/product"}],"replies":[{"embeddable":true,"href":"https:\/\/www.harnnett.es\/fr\/wp-json\/wp\/v2\/comments?post=980"}],"wp:featuredmedia":[{"embeddable":true,"href":"https:\/\/www.harnnett.es\/fr\/wp-json\/wp\/v2\/media\/981"}],"wp:attachment":[{"href":"https:\/\/www.harnnett.es\/fr\/wp-json\/wp\/v2\/media?parent=980"}],"wp:term":[{"taxonomy":"product_brand","embeddable":true,"href":"https:\/\/www.harnnett.es\/fr\/wp-json\/wp\/v2\/product_brand?post=980"},{"taxonomy":"product_cat","embeddable":true,"href":"https:\/\/www.harnnett.es\/fr\/wp-json\/wp\/v2\/product_cat?post=980"},{"taxonomy":"product_tag","embeddable":true,"href":"https:\/\/www.harnnett.es\/fr\/wp-json\/wp\/v2\/product_tag?post=980"}],"curies":[{"name":"wp","href":"https:\/\/api.w.org\/{rel}","templated":true}]}}