{"id":1045,"date":"2025-11-24T07:55:10","date_gmt":"2025-11-24T07:55:10","guid":{"rendered":"https:\/\/www.harnnett.es\/?page_id=1045"},"modified":"2025-11-24T07:56:53","modified_gmt":"2025-11-24T07:56:53","slug":"aviso-legal","status":"publish","type":"page","link":"https:\/\/www.harnnett.es\/pt\/aviso-legal\/","title":{"rendered":"Aviso legal"},"content":{"rendered":"<p><strong>Aviso legal<\/strong><\/p>\n\n\n\n<p>O utilizador \u00e9 informado de que os dados pessoais que podem estar contidos neste documento e que foram fornecidos por si foram inclu\u00eddos em ficheiros para processamento, pelos quais a H\u00c4RNNETT &amp; LINNERMAN MAQUINARIA INDUSTRIAL - CARRETERA M-506 PINTO-FUENLABRADA KM 20\u2019400 - FUENLABRADA (MADRID) \u00e9 respons\u00e1vel.<\/p>\n\n\n\n<p>A finalidade do tratamento \u00e9 a gest\u00e3o da rela\u00e7\u00e3o fiscal, contabil\u00edstica, administrativa, comercial e publicit\u00e1ria com os clientes, justificada no exerc\u00edcio da atividade de VENDA DE M\u00c1QUINAS DE MADEIRA.<\/p>\n\n\n\n<p>Que para o cumprimento da finalidade, ou por imperativos legais, os seus dados pessoais podem ser transferidos ou comunicados a organismos e institui\u00e7\u00f5es p\u00fablicas, nos termos da lei, Consultoria Fiscal e Contabil\u00edstica.<\/p>\n\n\n\n<p>Os per\u00edodos de conserva\u00e7\u00e3o dos seus dados pessoais s\u00e3o: os previstos pela legisla\u00e7\u00e3o fiscal no que respeita ao prazo de prescri\u00e7\u00e3o das d\u00edvidas.<\/p>\n\n\n\n<p>\u00c9 tamb\u00e9m informado do direito de solicitar ao respons\u00e1vel pelo tratamento o acesso aos dados pessoais que lhe digam respeito e a sua retifica\u00e7\u00e3o ou apagamento, ou a limita\u00e7\u00e3o do seu tratamento, ou de se opor ao seu tratamento, bem como do direito \u00e0 portabilidade dos seus dados, e de apresentar uma queixa junto de uma autoridade de controlo.<\/p>\n\n\n\n<p><\/p>","protected":false},"excerpt":{"rendered":"<p>Aviso legal Se informa que los datos personales que pudiera contener este documento y facilitados por Ud. han sido incorporados a ficheros para su tratamiento cuyo responsable es H\u00c4RNNETT &amp; LINNERMAN MAQUINARIA INDUSTRIAL \u2013 CARRETERA M-506 PINTO-FUENLABRADA KM 20\u2019400 \u2013 FUENLABRADA (MADRID). La finalidad del tratamiento es Gesti\u00f3n de la relaci\u00f3n fiscal, contable, administrativa, comercial [&hellip;]<\/p>\n","protected":false},"author":5,"featured_media":0,"parent":0,"menu_order":0,"comment_status":"closed","ping_status":"closed","template":"","meta":{"_acf_changed":false,"footnotes":""},"class_list":["post-1045","page","type-page","status-publish","hentry"],"acf":[],"_links":{"self":[{"href":"https:\/\/www.harnnett.es\/pt\/wp-json\/wp\/v2\/pages\/1045","targetHints":{"allow":["GET"]}}],"collection":[{"href":"https:\/\/www.harnnett.es\/pt\/wp-json\/wp\/v2\/pages"}],"about":[{"href":"https:\/\/www.harnnett.es\/pt\/wp-json\/wp\/v2\/types\/page"}],"author":[{"embeddable":true,"href":"https:\/\/www.harnnett.es\/pt\/wp-json\/wp\/v2\/users\/5"}],"replies":[{"embeddable":true,"href":"https:\/\/www.harnnett.es\/pt\/wp-json\/wp\/v2\/comments?post=1045"}],"version-history":[{"count":2,"href":"https:\/\/www.harnnett.es\/pt\/wp-json\/wp\/v2\/pages\/1045\/revisions"}],"predecessor-version":[{"id":1047,"href":"https:\/\/www.harnnett.es\/pt\/wp-json\/wp\/v2\/pages\/1045\/revisions\/1047"}],"wp:attachment":[{"href":"https:\/\/www.harnnett.es\/pt\/wp-json\/wp\/v2\/media?parent=1045"}],"curies":[{"name":"wp","href":"https:\/\/api.w.org\/{rel}","templated":true}]}}