{"id":1048,"date":"2025-11-24T07:57:35","date_gmt":"2025-11-24T07:57:35","guid":{"rendered":"https:\/\/www.harnnett.es\/?page_id=1048"},"modified":"2025-11-24T07:57:36","modified_gmt":"2025-11-24T07:57:36","slug":"politica-de-cookies","status":"publish","type":"page","link":"https:\/\/www.harnnett.es\/pt\/politica-de-cookies\/","title":{"rendered":"Pol\u00edtica de cookies"},"content":{"rendered":"<h2 class=\"wp-block-heading\"><strong>1. o que s\u00e3o cookies?<\/strong><\/h2>\n\n\n\n<p>Os cookies s\u00e3o ficheiros que s\u00e3o descarregados para o seu dispositivo quando acede a determinados s\u00edtios Web. Permitem armazenar e recuperar informa\u00e7\u00f5es sobre os h\u00e1bitos de navega\u00e7\u00e3o ou o equipamento do utilizador e podem ser utilizados para reconhecer o utilizador.<\/p>\n\n\n\n<p>Normalmente, os cookies n\u00e3o armazenam informa\u00e7\u00f5es sens\u00edveis (como dados pessoais, dados banc\u00e1rios ou fotografias), mas sim informa\u00e7\u00f5es t\u00e9cnicas, prefer\u00eancias pessoais, personaliza\u00e7\u00e3o de conte\u00fados ou estat\u00edsticas de utiliza\u00e7\u00e3o.<\/p>\n\n\n\n<h2 class=\"wp-block-heading\"><strong>2. tipos de cookies utilizados por este s\u00edtio Web<\/strong><\/h2>\n\n\n\n<p>Em <strong>www.harnnett.es<\/strong> utilizamos as seguintes categorias de cookies:<\/p>\n\n\n\n<h3 class=\"wp-block-heading\"><strong>a) Cookies t\u00e9cnicos ou necess\u00e1rios<\/strong><\/h3>\n\n\n\n<p>S\u00e3o essenciais para o correto funcionamento do s\u00edtio Web e permitem, entre outras coisas:<\/p>\n\n\n\n<ul class=\"wp-block-list\">\n<li>Controlo do tr\u00e1fego e da comunica\u00e7\u00e3o de dados<\/li>\n\n\n\n<li>Garantir a seguran\u00e7a durante a navega\u00e7\u00e3o<\/li>\n\n\n\n<li>Efetuar o processo de compra ou enviar formul\u00e1rios<\/li>\n\n\n\n<li>Recordar os elementos que comp\u00f5em uma encomenda<\/li>\n\n\n\n<li>Utilizar funcionalidades de seguran\u00e7a<\/li>\n<\/ul>\n\n\n\n<p>Estes cookies n\u00e3o requerem o consentimento expresso do utilizador.<\/p>\n\n\n\n<h3 class=\"wp-block-heading\"><strong>b) Cookies de prefer\u00eancias ou de personaliza\u00e7\u00e3o<\/strong><\/h3>\n\n\n\n<p>Permitem a memoriza\u00e7\u00e3o de informa\u00e7\u00f5es para que o utilizador possa aceder ao servi\u00e7o com determinadas carater\u00edsticas, como por exemplo<\/p>\n\n\n\n<ul class=\"wp-block-list\">\n<li>L\u00edngua<\/li>\n\n\n\n<li>Tipo de navegador<\/li>\n\n\n\n<li>Configura\u00e7\u00e3o regional<\/li>\n<\/ul>\n\n\n\n<h3 class=\"wp-block-heading\"><strong>c) Biscoitos de an\u00e1lise ou de medi\u00e7\u00e3o<\/strong><\/h3>\n\n\n\n<p>Permitem-nos compreender a forma como os utilizadores interagem com o s\u00edtio, analisar estat\u00edsticas an\u00f3nimas e melhorar o desempenho do s\u00edtio.<br>Exemplos: Google Analytics, ferramentas de medi\u00e7\u00e3o de tr\u00e1fego, etc.<\/p>\n\n\n\n<h3 class=\"wp-block-heading\"><strong>d) Cookies de publicidade ou marketing<\/strong><\/h3>\n\n\n\n<p>S\u00e3o utilizados para apresentar publicidade com base no comportamento ou nos interesses do utilizador.<br>Podem ser provenientes de terceiros (Google Ads, Meta Ads, etc.).<\/p>\n\n\n\n<p>Estes cookies requerem um consentimento expl\u00edcito.<\/p>\n\n\n\n<h2 class=\"wp-block-heading\"><strong>3. Cookies utilizados por terceiros<\/strong><\/h2>\n\n\n\n<p>O nosso s\u00edtio pode utilizar servi\u00e7os de terceiros que instalam cookies a partir dos seus pr\u00f3prios dom\u00ednios para fins anal\u00edticos, t\u00e9cnicos ou publicit\u00e1rios. Alguns poss\u00edveis fornecedores s\u00e3o:<\/p>\n\n\n\n<ul class=\"wp-block-list\">\n<li>Google (Analytics, Ads, Tag Manager)<\/li>\n\n\n\n<li>Meta (Pixel do Facebook)<\/li>\n\n\n\n<li>Servi\u00e7os de alojamento ou plataformas de gest\u00e3o<\/li>\n\n\n\n<li>Ferramentas de design ou sistemas de gest\u00e3o de conte\u00fados (WordPress, Elementor, etc.)<\/li>\n<\/ul>\n\n\n\n<p>O utilizador pode consultar as pol\u00edticas de privacidade de cada fornecedor nos respectivos s\u00edtios Web oficiais.<\/p>\n\n\n\n<h2 class=\"wp-block-heading\"><strong>4. gest\u00e3o e defini\u00e7\u00f5es de cookies<\/strong><\/h2>\n\n\n\n<p>Ao aceder ao s\u00edtio Web pela primeira vez, ser-lhe-\u00e1 apresentado um <strong>faixa de configura\u00e7\u00e3o<\/strong> aceitar ou rejeitar cookies que n\u00e3o sejam necess\u00e1rios.<\/p>\n\n\n\n<p>O utilizador pode alterar as suas defini\u00e7\u00f5es em qualquer altura:<\/p>\n\n\n\n<ul class=\"wp-block-list\">\n<li>O painel de defini\u00e7\u00f5es de cookies do pr\u00f3prio s\u00edtio Web<\/li>\n\n\n\n<li>Defini\u00e7\u00f5es do browser:<\/li>\n<\/ul>\n\n\n\n<h3 class=\"wp-block-heading\"><strong>Em todos os principais navegadores:<\/strong><\/h3>\n\n\n\n<ul class=\"wp-block-list\">\n<li><strong>Cromado<\/strong> \u2192 Defini\u00e7\u00f5es &gt; Privacidade e seguran\u00e7a &gt; Cookies<\/li>\n\n\n\n<li><strong>Firefox<\/strong> \u2192 Op\u00e7\u00f5es &gt; Privacidade e seguran\u00e7a<\/li>\n\n\n\n<li><strong>Safari<\/strong> \u2192 Prefer\u00eancias &gt; Privacidade<\/li>\n\n\n\n<li><strong>Borda<\/strong> \u2192 Defini\u00e7\u00f5es &gt; Cookies e permiss\u00f5es do s\u00edtio<\/li>\n<\/ul>\n\n\n\n<p>A desativa\u00e7\u00e3o dos cookies pode afetar a funcionalidade do s\u00edtio Web.<\/p>\n\n\n\n<h2 class=\"wp-block-heading\"><strong>5. Desativar ou apagar cookies<\/strong><\/h2>\n\n\n\n<p>Pode apagar os cookies instalados no seu dispositivo acedendo \u00e0s defini\u00e7\u00f5es do seu navegador. Pode tamb\u00e9m selecionar a op\u00e7\u00e3o de navegar em modo privado para impedir a instala\u00e7\u00e3o de cookies.<\/p>\n\n\n\n<h2 class=\"wp-block-heading\"><strong>6. Atualiza\u00e7\u00e3o da pol\u00edtica de cookies<\/strong><\/h2>\n\n\n\n<p>Podemos atualizar a nossa Pol\u00edtica de Cookies para a adaptar a requisitos legais ou t\u00e9cnicos.<br>Todas as altera\u00e7\u00f5es ser\u00e3o publicadas nesta p\u00e1gina.<\/p>","protected":false},"excerpt":{"rendered":"<p>1. \u00bfQu\u00e9 son las cookies? Las cookies son archivos que se descargan en tu dispositivo al acceder a determinados sitios web. Permiten almacenar y recuperar informaci\u00f3n sobre los h\u00e1bitos de navegaci\u00f3n del usuario o de su equipo, y pueden utilizarse para reconocer al usuario. Las cookies no suelen almacenar informaci\u00f3n sensible (como datos personales, bancarios [&hellip;]<\/p>\n","protected":false},"author":5,"featured_media":0,"parent":0,"menu_order":0,"comment_status":"closed","ping_status":"closed","template":"","meta":{"_acf_changed":false,"footnotes":""},"class_list":["post-1048","page","type-page","status-publish","hentry"],"acf":[],"_links":{"self":[{"href":"https:\/\/www.harnnett.es\/pt\/wp-json\/wp\/v2\/pages\/1048","targetHints":{"allow":["GET"]}}],"collection":[{"href":"https:\/\/www.harnnett.es\/pt\/wp-json\/wp\/v2\/pages"}],"about":[{"href":"https:\/\/www.harnnett.es\/pt\/wp-json\/wp\/v2\/types\/page"}],"author":[{"embeddable":true,"href":"https:\/\/www.harnnett.es\/pt\/wp-json\/wp\/v2\/users\/5"}],"replies":[{"embeddable":true,"href":"https:\/\/www.harnnett.es\/pt\/wp-json\/wp\/v2\/comments?post=1048"}],"version-history":[{"count":1,"href":"https:\/\/www.harnnett.es\/pt\/wp-json\/wp\/v2\/pages\/1048\/revisions"}],"predecessor-version":[{"id":1050,"href":"https:\/\/www.harnnett.es\/pt\/wp-json\/wp\/v2\/pages\/1048\/revisions\/1050"}],"wp:attachment":[{"href":"https:\/\/www.harnnett.es\/pt\/wp-json\/wp\/v2\/media?parent=1048"}],"curies":[{"name":"wp","href":"https:\/\/api.w.org\/{rel}","templated":true}]}}