{"id":251,"date":"2025-08-26T21:49:52","date_gmt":"2025-08-26T21:49:52","guid":{"rendered":"https:\/\/harnnett.harnnett.es\/?post_type=product&#038;p=251"},"modified":"2025-09-19T15:28:15","modified_gmt":"2025-09-19T15:28:15","slug":"manipulador-harnnett-250-5","status":"publish","type":"product","link":"https:\/\/www.harnnett.es\/pt\/manipulador-harnnett-250-5\/","title":{"rendered":"Manipulador H\u00c4RNNETT 250\/5"},"content":{"rendered":"<h2>Manipulador de ventosas H\u00c4RNNETT 250\/5<\/h2>\n<p>O manipulador est\u00e1 instalado numa grua de p\u00e9 livre com uma capacidade de carga m\u00e1xima de 250 kg e uma capacidade de rota\u00e7\u00e3o de 270\u00b0 para um transporte flex\u00edvel dos pain\u00e9is na \u00e1rea de trabalho.<\/p>\n<p>O painel de controlo permite o controlo total dos movimentos durante o manuseamento das ventosas para opera\u00e7\u00f5es de preens\u00e3o, liberta\u00e7\u00e3o, inclina\u00e7\u00e3o, eleva\u00e7\u00e3o e descida.<\/p>\n<p>Gra\u00e7as \u00e0 sua bomba de suc\u00e7\u00e3o silenciosa e altamente eficiente, a pot\u00eancia de alto v\u00e1cuo est\u00e1 rapidamente dispon\u00edvel com um consumo m\u00ednimo de energia num ambiente de trabalho agrad\u00e1vel.<\/p>\n<p>O operador controla permanentemente o estado de ader\u00eancia do material indicado no ecr\u00e3 do painel de controlo.<\/p>","protected":false},"excerpt":{"rendered":"<p>Manipulador para posicionamento de pain\u00e9is com 4 ventosas e inclina\u00e7\u00e3o de 0\u00ba - 90\u00ba com elevados padr\u00f5es de seguran\u00e7a e utiliza\u00e7\u00e3o ergon\u00f3mica para o operador durante o trabalho. Constru\u00e7\u00e3o \"H Shape\" com dois bra\u00e7os regul\u00e1veis para apoio das ventosas.<\/p>","protected":false},"featured_media":252,"comment_status":"open","ping_status":"closed","template":"","meta":{"_acf_changed":false},"product_brand":[51],"product_cat":[26,21],"product_tag":[57],"class_list":{"0":"post-251","1":"product","2":"type-product","3":"status-publish","4":"has-post-thumbnail","6":"product_brand-harnnett","7":"product_cat-manipuladores","8":"product_cat-maquinaria","9":"product_tag-materiales-tecnicos","11":"first","12":"instock","13":"shipping-taxable","14":"product-type-simple"},"acf":[],"_links":{"self":[{"href":"https:\/\/www.harnnett.es\/pt\/wp-json\/wp\/v2\/product\/251","targetHints":{"allow":["GET"]}}],"collection":[{"href":"https:\/\/www.harnnett.es\/pt\/wp-json\/wp\/v2\/product"}],"about":[{"href":"https:\/\/www.harnnett.es\/pt\/wp-json\/wp\/v2\/types\/product"}],"replies":[{"embeddable":true,"href":"https:\/\/www.harnnett.es\/pt\/wp-json\/wp\/v2\/comments?post=251"}],"wp:featuredmedia":[{"embeddable":true,"href":"https:\/\/www.harnnett.es\/pt\/wp-json\/wp\/v2\/media\/252"}],"wp:attachment":[{"href":"https:\/\/www.harnnett.es\/pt\/wp-json\/wp\/v2\/media?parent=251"}],"wp:term":[{"taxonomy":"product_brand","embeddable":true,"href":"https:\/\/www.harnnett.es\/pt\/wp-json\/wp\/v2\/product_brand?post=251"},{"taxonomy":"product_cat","embeddable":true,"href":"https:\/\/www.harnnett.es\/pt\/wp-json\/wp\/v2\/product_cat?post=251"},{"taxonomy":"product_tag","embeddable":true,"href":"https:\/\/www.harnnett.es\/pt\/wp-json\/wp\/v2\/product_tag?post=251"}],"curies":[{"name":"wp","href":"https:\/\/api.w.org\/{rel}","templated":true}]}}