{"id":262,"date":"2025-08-27T01:07:34","date_gmt":"2025-08-27T01:07:34","guid":{"rendered":"https:\/\/harnnett.harnnett.es\/?post_type=product&#038;p=262"},"modified":"2025-09-19T15:28:08","modified_gmt":"2025-09-19T15:28:08","slug":"sistema-de-vacuo-harnnett-silence-vibrant","status":"publish","type":"product","link":"https:\/\/www.harnnett.es\/pt\/sistema-de-vacuo-harnnett-silence-vibrant\/","title":{"rendered":"SISTEMA DE ASPIRA\u00c7\u00c3O H\u00c4RNNETT SILENCE VIBRANT"},"content":{"rendered":"<p>O material extra\u00eddo \u00e9 transportado atrav\u00e9s da tubagem para o saco de filtragem, onde \u00e9 separado. O ar limpo \u00e9 devolvido ao ambiente de trabalho e os res\u00edduos s\u00e3o recolhidos num contentor de sacos.<\/p>\n<p>Elevado poder de suc\u00e7\u00e3o. Estrutura robusta em chapa de a\u00e7o.<\/p>\n<p>S\u00e3o a escolha ideal pela sua elevada pot\u00eancia, dimens\u00f5es reduzidas e funcionamento silencioso.<\/p>","protected":false},"excerpt":{"rendered":"<p>Os novos sistemas de extra\u00e7\u00e3o SILENCE VIBRANT da H\u00c4RNNETT s\u00e3o utilizados para a extra\u00e7\u00e3o de aparas e aparas produzidas durante a maquina\u00e7\u00e3o e corte de madeira e materiais semelhantes.<\/p>","protected":false},"featured_media":263,"comment_status":"open","ping_status":"closed","template":"","meta":{"_acf_changed":false},"product_brand":[51],"product_cat":[30],"product_tag":[57],"class_list":{"0":"post-262","1":"product","2":"type-product","3":"status-publish","4":"has-post-thumbnail","6":"product_brand-harnnett","7":"product_cat-aspiradores-maquinaria","8":"product_tag-materiales-tecnicos","10":"first","11":"instock","12":"shipping-taxable","13":"product-type-simple"},"acf":[],"_links":{"self":[{"href":"https:\/\/www.harnnett.es\/pt\/wp-json\/wp\/v2\/product\/262","targetHints":{"allow":["GET"]}}],"collection":[{"href":"https:\/\/www.harnnett.es\/pt\/wp-json\/wp\/v2\/product"}],"about":[{"href":"https:\/\/www.harnnett.es\/pt\/wp-json\/wp\/v2\/types\/product"}],"replies":[{"embeddable":true,"href":"https:\/\/www.harnnett.es\/pt\/wp-json\/wp\/v2\/comments?post=262"}],"wp:featuredmedia":[{"embeddable":true,"href":"https:\/\/www.harnnett.es\/pt\/wp-json\/wp\/v2\/media\/263"}],"wp:attachment":[{"href":"https:\/\/www.harnnett.es\/pt\/wp-json\/wp\/v2\/media?parent=262"}],"wp:term":[{"taxonomy":"product_brand","embeddable":true,"href":"https:\/\/www.harnnett.es\/pt\/wp-json\/wp\/v2\/product_brand?post=262"},{"taxonomy":"product_cat","embeddable":true,"href":"https:\/\/www.harnnett.es\/pt\/wp-json\/wp\/v2\/product_cat?post=262"},{"taxonomy":"product_tag","embeddable":true,"href":"https:\/\/www.harnnett.es\/pt\/wp-json\/wp\/v2\/product_tag?post=262"}],"curies":[{"name":"wp","href":"https:\/\/api.w.org\/{rel}","templated":true}]}}