{"id":279,"date":"2025-08-27T02:27:40","date_gmt":"2025-08-27T02:27:40","guid":{"rendered":"https:\/\/harnnett.harnnett.es\/?post_type=product&#038;p=279"},"modified":"2025-12-30T11:03:19","modified_gmt":"2025-12-30T11:03:19","slug":"serra-vertical-harnnett-ed","status":"publish","type":"product","link":"https:\/\/www.harnnett.es\/pt\/serra-vertical-harnnett-ed\/","title":{"rendered":"Serra vertical para madeira"},"content":{"rendered":"<h2><span style=\"font-weight: 400;\">A serra vertical para madeira que transforma a sua produ\u00e7\u00e3o<\/span><\/h2>\n<p><span style=\"font-weight: 400;\">Se est\u00e1 \u00e0 procura de uma serra vertical para trabalhar madeira que combine<\/span><b> robustez, precis\u00e3o e facilidade de utiliza\u00e7\u00e3o, <\/b><span style=\"font-weight: 400;\">A nossa serra vertical H\u00c4RNNETT \u00e9 a ferramenta profissional de que a sua oficina necessita.\u00a0<\/span><\/p>\n<input type='hidden' bg_collapse_expand='69e69d05d28d53019299140' value='69e69d05d28d53019299140'><input type='hidden' id='bg-show-more-text-69e69d05d28d53019299140' value='Leer m\u00e1s'><input type='hidden' id='bg-show-less-text-69e69d05d28d53019299140' value='Leer menos'><button id='bg-showmore-action-69e69d05d28d53019299140' class='bg-showmore-plg-button bg-blue-button'   style=\" color:#ffffff;\">Ler mais<\/button><div id='bg-showmore-hidden-69e69d05d28d53019299140' ><\/p>\n<p><span style=\"font-weight: 400\">Esta m\u00e1quina permite efetuar cortes verticais e horizontais rectos e precisos, tanto na posi\u00e7\u00e3o vertical como na horizontal, em t\u00e1buas de madeira, oferecendo <\/span><b>resultados de alta qualidade<\/b><span style=\"font-weight: 400\"> que resultam em pe\u00e7as prontas para montagem ou acabamento.\u00a0<\/span><\/p>\n<p><span style=\"font-weight: 400\">Com um design robusto e componentes bem integrados, esta m\u00e1quina de corte vertical de madeira permitir-lhe-\u00e1 <\/span><b>otimizar os tempos e melhorar a coer\u00eancia<\/b><span style=\"font-weight: 400\"> de cada opera\u00e7\u00e3o.\u00a0<\/span><\/p>\n<h2><span style=\"font-weight: 400\">Principais carater\u00edsticas da serra vertical para pain\u00e9is<\/span><\/h2>\n<p><span style=\"font-weight: 400\">A serra vertical para pain\u00e9is foi concebida para oficinas que necessitam de <\/span><b>precis\u00e3o, estabilidade e facilidade de manuseamento em cada corte, poupando espa\u00e7o<\/b><span style=\"font-weight: 400\">. A sua conce\u00e7\u00e3o estrutural e a qualidade dos seus componentes permitem-lhe cortar t\u00e1buas de diferentes tamanhos, mantendo um desempenho constante.\u00a0<\/span><\/p>\n<p><span style=\"font-weight: 400\">Estas s\u00e3o as suas principais carater\u00edsticas:<\/span><\/p>\n<ul>\n<li style=\"font-weight: 400\"><span style=\"font-weight: 400\">Moldura: <\/span><b>monobloco para servi\u00e7o pesado<\/b><span style=\"font-weight: 400\">, concebido para garantir a estabilidade durante todo o processo de corte.<\/span><span style=\"font-weight: 400\"><br \/>\n<\/span><\/li>\n<li style=\"font-weight: 400\"><span style=\"font-weight: 400\">Sistema de apoio com <\/span><b>perfis de alum\u00ednio<\/b><span style=\"font-weight: 400\"> y <\/span><b>L\u00e2minas de PVC<\/b><span style=\"font-weight: 400\">, que facilita o deslizamento, a mobilidade e o apoio das pranchas.<\/span><span style=\"font-weight: 400\"><br \/>\n<\/span><\/li>\n<li style=\"font-weight: 400\"><b>Desloca\u00e7\u00e3o manual<\/b><span style=\"font-weight: 400\"> do carro e do grupo de serra para cortes horizontais e verticais pr\u00e1ticos e adapt\u00e1veis.<\/span><span style=\"font-weight: 400\"><br \/>\n<\/span><\/li>\n<li style=\"font-weight: 400\"><span style=\"font-weight: 400\">Capacidade de trabalhar com ambos <\/span><b>pain\u00e9is verticais de grande formato<\/b><span style=\"font-weight: 400\"> bem como com pe\u00e7as mais pequenas, mantendo cortes constantes e uniformes.<\/span><span style=\"font-weight: 400\"><br \/>\n<\/span><\/li>\n<li style=\"font-weight: 400\"><b>Disco principal \u00d8250 mm<\/b><span style=\"font-weight: 400\"> y <\/span><b>l\u00e2mina de corte \u00d880 mm<\/b><span style=\"font-weight: 400\">, configurado para obter uma velocidade de corte equilibrada em diferentes materiais.<\/span><span style=\"font-weight: 400\"><br \/>\n<\/span><\/li>\n<li style=\"font-weight: 400\"><b>Motor de 5,5 CV<\/b><span style=\"font-weight: 400\">, A m\u00e1quina foi concebida para trabalhos cont\u00ednuos e exigentes em processos de produ\u00e7\u00e3o.<\/span><span style=\"font-weight: 400\"><br \/>\n<\/span><\/li>\n<\/ul>\n<h2><span style=\"font-weight: 400\">Elevada capacidade de corte e resultados profissionais<\/span><\/h2>\n<p><span style=\"font-weight: 400\">Uma das grandes vantagens desta serra de corte vertical para madeira \u00e9 o facto de poder ser utilizada como <\/span><b>altura de corte 2.100 mm<\/b><span style=\"font-weight: 400\">, \u00c9 ideal para oficinas que produzem m\u00f3veis, prateleiras ou grandes pain\u00e9is verticais.\u00a0<\/span><\/p>\n<p><span style=\"font-weight: 400\">Al\u00e9m disso, a sua<\/span><b> 60 mm de profundidade de corte <\/b><span style=\"font-weight: 400\">permite-lhe enfrentar uma variedade de tarefas, desde simples cortes rectos a cortes mais exigentes em madeira maci\u00e7a ou placas t\u00e9cnicas. A rota\u00e7\u00e3o dos discos principais a 5.800 RPM e do disco de corte a 7.800 RPM proporciona um desempenho equilibrado para <\/span><b>cortes precisos e sem esfor\u00e7o.<\/b><\/p>\n<p><span style=\"font-weight: 400\">A capacidade de corte vertical de t\u00e1buas faz desta serra um excelente investimento para carpintarias e oficinas que procuram uma ferramenta capaz de cortar t\u00e1buas.<\/span><b> fi\u00e1vel, sem sacrificar a precis\u00e3o ou a qualidade dos resultados.\u00a0<\/b><\/p>\n<h2><span style=\"font-weight: 400\">Design ergon\u00f3mico e funcionalidade ajust\u00e1vel<\/span><\/h2>\n<p><span style=\"font-weight: 400\">A m\u00e1quina de corte vertical de madeira H\u00c4RNNETT est\u00e1 equipada com uma mesa de apoio de rolos de alum\u00ednio que facilita o movimento suave das pe\u00e7as de trabalho, permitindo que a m\u00e1quina seja utilizada para o corte de madeira. <\/span><b>os cortes longos ou cont\u00ednuos n\u00e3o requerem esfor\u00e7o adicional.<\/b><span style=\"font-weight: 400\">l pelo operador.\u00a0<\/span><\/p>\n<p><span style=\"font-weight: 400\">O design vertical desta m\u00e1quina de corte n\u00e3o s\u00f3 poupa espa\u00e7o na oficina, como tamb\u00e9m proporciona <\/span><b>maior versatilidade nos procedimentos <\/b><span style=\"font-weight: 400\">quando os cortes horizontais e verticais t\u00eam de ser efectuados com a mesma ferramenta.\u00a0<\/span><\/p>\n<p><span style=\"font-weight: 400\">Al\u00e9m disso, esta serra vertical para corte de madeira tem um batente com ecr\u00e3 digital para cortes verticais, que permite ajustar facilmente a profundidade e a altura do corte, melhorando o desempenho do corte.<\/span><b> repetibilidade e precis\u00e3o em todas as opera\u00e7\u00f5es.\u00a0<\/b><\/p>\n<h2><span style=\"font-weight: 400\">Porqu\u00ea investir numa serra vertical para madeira de qualidade?<\/span><\/h2>\n<p><span style=\"font-weight: 400\">A aquisi\u00e7\u00e3o de uma m\u00e1quina de corte vertical de madeira de qualidade n\u00e3o s\u00f3 melhora os seus resultados, como tamb\u00e9m permite um ambiente de produ\u00e7\u00e3o <\/span><b>mais organizado e eficiente. <\/b><span style=\"font-weight: 400\">Gra\u00e7as \u00e0 sua conce\u00e7\u00e3o e capacidades, este equipamento \u00e9 adequado para oficinas de m\u00e9dia dimens\u00e3o, bem como para a produ\u00e7\u00e3o cont\u00ednua em f\u00e1bricas de mobili\u00e1rio ou marcenarias especializadas.\u00a0<\/span><\/p>\n<p><span style=\"font-weight: 400\">Al\u00e9m disso, o facto de ter um<\/span><b> serra vertical para pain\u00e9is<\/b><span style=\"font-weight: 400\"> com componentes s\u00f3lidos e bem concebidos reduz a necessidade de ajustes constantes e mant\u00e9m a m\u00e1quina a funcionar com elevados padr\u00f5es de precis\u00e3o.<\/span><\/p>\n<p><span style=\"font-weight: 400\">Ter um<\/span><b> serra vertical para madeira<\/b><span style=\"font-weight: 400\"> A combina\u00e7\u00e3o de uma constru\u00e7\u00e3o robusta, facilidade de utiliza\u00e7\u00e3o e resultados profissionais significa menos tempo de inatividade n\u00e3o planeado e mais tempo gasto na produ\u00e7\u00e3o real.\u00a0<\/span><\/p>\n<h2><span style=\"font-weight: 400\">Solicite agora um or\u00e7amento: pre\u00e7o e disponibilidade de serras verticais para madeira<\/span><\/h2>\n<p><span style=\"font-weight: 400\">Se quiser saber qual \u00e9 o<\/span><b> pre\u00e7o da serra vertical para madeira<\/b><span style=\"font-weight: 400\">, No nosso s\u00edtio Web, pode solicitar o seu or\u00e7amento online com um clique e receber aconselhamento personalizado de acordo com as necessidades da sua oficina e produ\u00e7\u00e3o.<\/span><\/p>\n<p><span style=\"font-weight: 400\">Ver\u00e1 como este cortador vertical de madeira pode tornar-se uma parte essencial da sua linha de trabalho gra\u00e7as \u00e0 sua constru\u00e7\u00e3o s\u00f3lida, elevada velocidade de corte e capacidade de manusear t\u00e1buas de grandes dimens\u00f5es.<\/span><a href=\"https:\/\/www.harnnett.es\/pt\/serra-vertical-harnnett-ed\/?utm_source=chatgpt.com\"><span style=\"font-weight: 400\">\u00a0<\/span><\/a><\/p>\n<p><span style=\"font-weight: 400\">Tamb\u00e9m pode<\/span><b> descarregar o cat\u00e1logo em PDF <\/b><span style=\"font-weight: 400\">com a ficha t\u00e9cnica detalhada: dimens\u00f5es, capacidades, discos, configura\u00e7\u00f5es poss\u00edveis e mais informa\u00e7\u00f5es para comparar antes de decidir a sua compra.\u00a0<\/span><\/p>\n<h2><span style=\"font-weight: 400\">Qualidade, precis\u00e3o e desempenho na sua oficina<\/span><\/h2>\n<p><span style=\"font-weight: 400\">A serra vertical para pain\u00e9is H\u00c4RNNETT \u00e9 uma ferramenta completa para qualquer profissional que necessite de trabalhar de forma fi\u00e1vel e precisa.\u00a0<\/span><\/p>\n<p><span style=\"font-weight: 400\">Com a possibilidade de pedir um or\u00e7amento em linha ou de descarregar o cat\u00e1logo t\u00e9cnico, pode<\/span><b> para tomar uma decis\u00e3o informada de forma r\u00e1pida e f\u00e1cil<\/b><span style=\"font-weight: 400\">. Incorpore esta serra vertical de corte de madeira na sua oficina e leve os seus processos para o pr\u00f3ximo n\u00edvel de precis\u00e3o e profissionalismo.<\/span><\/p>\n<p><\/div>","protected":false},"excerpt":{"rendered":"<p>Constru\u00eddo numa estrutura monobloco com um plano de suporte em perfis de alum\u00ednio com l\u00e2minas de PVC.<\/p>\n<p>Ideal para cortar v\u00e1rios materiais, como madeira ou pl\u00e1stico.<\/p>","protected":false},"featured_media":280,"comment_status":"open","ping_status":"closed","template":"","meta":{"_acf_changed":false},"product_brand":[51],"product_cat":[21,32],"product_tag":[57],"class_list":{"0":"post-279","1":"product","2":"type-product","3":"status-publish","4":"has-post-thumbnail","6":"product_brand-harnnett","7":"product_cat-maquinaria","8":"product_cat-sierras-verticales","9":"product_tag-materiales-tecnicos","11":"first","12":"instock","13":"shipping-taxable","14":"product-type-simple"},"acf":[],"_links":{"self":[{"href":"https:\/\/www.harnnett.es\/pt\/wp-json\/wp\/v2\/product\/279","targetHints":{"allow":["GET"]}}],"collection":[{"href":"https:\/\/www.harnnett.es\/pt\/wp-json\/wp\/v2\/product"}],"about":[{"href":"https:\/\/www.harnnett.es\/pt\/wp-json\/wp\/v2\/types\/product"}],"replies":[{"embeddable":true,"href":"https:\/\/www.harnnett.es\/pt\/wp-json\/wp\/v2\/comments?post=279"}],"wp:featuredmedia":[{"embeddable":true,"href":"https:\/\/www.harnnett.es\/pt\/wp-json\/wp\/v2\/media\/280"}],"wp:attachment":[{"href":"https:\/\/www.harnnett.es\/pt\/wp-json\/wp\/v2\/media?parent=279"}],"wp:term":[{"taxonomy":"product_brand","embeddable":true,"href":"https:\/\/www.harnnett.es\/pt\/wp-json\/wp\/v2\/product_brand?post=279"},{"taxonomy":"product_cat","embeddable":true,"href":"https:\/\/www.harnnett.es\/pt\/wp-json\/wp\/v2\/product_cat?post=279"},{"taxonomy":"product_tag","embeddable":true,"href":"https:\/\/www.harnnett.es\/pt\/wp-json\/wp\/v2\/product_tag?post=279"}],"curies":[{"name":"wp","href":"https:\/\/api.w.org\/{rel}","templated":true}]}}