{"id":286,"date":"2025-08-27T03:10:22","date_gmt":"2025-08-27T03:10:22","guid":{"rendered":"https:\/\/harnnett.harnnett.es\/?post_type=product&#038;p=286"},"modified":"2025-09-19T15:27:54","modified_gmt":"2025-09-19T15:27:54","slug":"serra-vertical-harnnett-cpm-d2b","status":"publish","type":"product","link":"https:\/\/www.harnnett.es\/pt\/serra-vertical-harnnett-cpm-d2b\/","title":{"rendered":"M\u00e1quina de serrar vertical H\u00c4RNNETT CPM D2B"},"content":{"rendered":"<h2>Serra manual vertical para materiais t\u00e9cnicos<\/h2>\n<p>Incorpora um sistema de l\u00e2mina dupla: este sistema permite selecionar rapidamente a op\u00e7\u00e3o de corte de painel ou de fresagem a 90\u00ba, simplesmente com a ajuda de um seletor, o que se traduz num sistema de ajuste autom\u00e1tico de troca de ferramentas.<\/p>\n<p>Gra\u00e7as a este sistema, o operador poupa tempo ao trabalhar com a m\u00e1quina, mudando de uma opera\u00e7\u00e3o para outra.<\/p>\n<p>Disp\u00f5e de uma grelha de movimenta\u00e7\u00e3o pneum\u00e1tica autom\u00e1tica para evitar danificar as l\u00e2minas de suporte durante o corte horizontal. Apoio inferior dos pain\u00e9is sobre rolos de alum\u00ednio, os pain\u00e9is deslocam-se de forma suave e f\u00e1cil.<\/p>","protected":false},"excerpt":{"rendered":"<p>Com a nova serra vertical H\u00c4RNNETT para comp\u00f3sitos como o Alucobond\u00ae, tem uma m\u00e1quina de corte potente na sua oficina. Constru\u00e7\u00e3o de estrutura monobloco com superf\u00edcie de apoio em perfil de PVC.<\/p>","protected":false},"featured_media":288,"comment_status":"open","ping_status":"closed","template":"","meta":{"_acf_changed":false},"product_brand":[51],"product_cat":[21,32],"product_tag":[57],"class_list":{"0":"post-286","1":"product","2":"type-product","3":"status-publish","4":"has-post-thumbnail","6":"product_brand-harnnett","7":"product_cat-maquinaria","8":"product_cat-sierras-verticales","9":"product_tag-materiales-tecnicos","11":"first","12":"instock","13":"shipping-taxable","14":"product-type-simple"},"acf":[],"_links":{"self":[{"href":"https:\/\/www.harnnett.es\/pt\/wp-json\/wp\/v2\/product\/286","targetHints":{"allow":["GET"]}}],"collection":[{"href":"https:\/\/www.harnnett.es\/pt\/wp-json\/wp\/v2\/product"}],"about":[{"href":"https:\/\/www.harnnett.es\/pt\/wp-json\/wp\/v2\/types\/product"}],"replies":[{"embeddable":true,"href":"https:\/\/www.harnnett.es\/pt\/wp-json\/wp\/v2\/comments?post=286"}],"wp:featuredmedia":[{"embeddable":true,"href":"https:\/\/www.harnnett.es\/pt\/wp-json\/wp\/v2\/media\/288"}],"wp:attachment":[{"href":"https:\/\/www.harnnett.es\/pt\/wp-json\/wp\/v2\/media?parent=286"}],"wp:term":[{"taxonomy":"product_brand","embeddable":true,"href":"https:\/\/www.harnnett.es\/pt\/wp-json\/wp\/v2\/product_brand?post=286"},{"taxonomy":"product_cat","embeddable":true,"href":"https:\/\/www.harnnett.es\/pt\/wp-json\/wp\/v2\/product_cat?post=286"},{"taxonomy":"product_tag","embeddable":true,"href":"https:\/\/www.harnnett.es\/pt\/wp-json\/wp\/v2\/product_tag?post=286"}],"curies":[{"name":"wp","href":"https:\/\/api.w.org\/{rel}","templated":true}]}}