{"id":304,"date":"2025-08-27T04:00:57","date_gmt":"2025-08-27T04:00:57","guid":{"rendered":"https:\/\/harnnett.harnnett.es\/?post_type=product&#038;p=304"},"modified":"2025-09-19T15:27:44","modified_gmt":"2025-09-19T15:27:44","slug":"retorno-automatico-harnnett","status":"publish","type":"product","link":"https:\/\/www.harnnett.es\/pt\/retorno-automatico-harnnett\/","title":{"rendered":"Retorno autom\u00e1tico H\u00c4RNNETT"},"content":{"rendered":"<h2>Retorno autom\u00e1tico H\u00c4RNNETT<\/h2>\n<p>Sistema de retorno autom\u00e1tico da pe\u00e7a para comprimentos e velocidades vari\u00e1veis. Sistema de mesa com eje\u00e7\u00e3o autom\u00e1tica da pe\u00e7a e mesa de ar flutuante deslizante para descarga no transportador de retorno de alta velocidade. Modelos \u00e0 esquerda ou \u00e0 direita para m\u00e1quinas de colagem modelos BT, BTR e BTR Premium CNC e Plus, e s\u00e9rie Blue: H\u00c4RNNETT 365, H\u00c4RNNETT 396, H\u00c4RNNNETT 468.<\/p>\n<p>Os retornos autom\u00e1ticos de pain\u00e9is H\u00c4RNNETT para as coladeiras de bordos t\u00eam toda a precis\u00e3o e rapidez exigidas pela tecnologia atual para otimizar a produ\u00e7\u00e3o de pe\u00e7as coladas.<\/p>\n<p>O seu modo de funcionamento f\u00e1cil de utilizar, adapt\u00e1vel a qualquer dimens\u00e3o, torna-a uma m\u00e1quina indispens\u00e1vel na ind\u00fastria da madeira para poupar tempo de trabalho.<\/p>\n<p>Concebida para se adaptar a diferentes tamanhos de trabalho, obt\u00e9m um excelente desempenho em s\u00e9ries pequenas e grandes, garantindo a sua produtividade.<\/p>","protected":false},"excerpt":{"rendered":"<p>Para m\u00e1quinas de colagem H\u00c4RNNETT Gama oficina ou ind\u00fastria<\/p>","protected":false},"featured_media":305,"comment_status":"open","ping_status":"closed","template":"","meta":{"_acf_changed":false},"product_brand":[51],"product_cat":[48,21,33],"product_tag":[57],"class_list":{"0":"post-304","1":"product","2":"type-product","3":"status-publish","4":"has-post-thumbnail","6":"product_brand-harnnett","7":"product_cat-centros-de-mecanizado","8":"product_cat-maquinaria","9":"product_cat-retornos","10":"product_tag-materiales-tecnicos","12":"first","13":"instock","14":"shipping-taxable","15":"product-type-simple"},"acf":[],"_links":{"self":[{"href":"https:\/\/www.harnnett.es\/pt\/wp-json\/wp\/v2\/product\/304","targetHints":{"allow":["GET"]}}],"collection":[{"href":"https:\/\/www.harnnett.es\/pt\/wp-json\/wp\/v2\/product"}],"about":[{"href":"https:\/\/www.harnnett.es\/pt\/wp-json\/wp\/v2\/types\/product"}],"replies":[{"embeddable":true,"href":"https:\/\/www.harnnett.es\/pt\/wp-json\/wp\/v2\/comments?post=304"}],"wp:featuredmedia":[{"embeddable":true,"href":"https:\/\/www.harnnett.es\/pt\/wp-json\/wp\/v2\/media\/305"}],"wp:attachment":[{"href":"https:\/\/www.harnnett.es\/pt\/wp-json\/wp\/v2\/media?parent=304"}],"wp:term":[{"taxonomy":"product_brand","embeddable":true,"href":"https:\/\/www.harnnett.es\/pt\/wp-json\/wp\/v2\/product_brand?post=304"},{"taxonomy":"product_cat","embeddable":true,"href":"https:\/\/www.harnnett.es\/pt\/wp-json\/wp\/v2\/product_cat?post=304"},{"taxonomy":"product_tag","embeddable":true,"href":"https:\/\/www.harnnett.es\/pt\/wp-json\/wp\/v2\/product_tag?post=304"}],"curies":[{"name":"wp","href":"https:\/\/api.w.org\/{rel}","templated":true}]}}