{"id":323,"date":"2025-08-27T05:10:50","date_gmt":"2025-08-27T05:10:50","guid":{"rendered":"https:\/\/harnnett.harnnett.es\/?post_type=product&#038;p=323"},"modified":"2025-09-19T15:27:35","modified_gmt":"2025-09-19T15:27:35","slug":"harnnett-btr","status":"publish","type":"product","link":"https:\/\/www.harnnett.es\/pt\/harnnett-btr\/","title":{"rendered":"H\u00c4RNNETT BTR"},"content":{"rendered":"<h2>M\u00e1quina de colagem BTR<\/h2>\n<p>Apesar das suas dimens\u00f5es, de acordo com a sua composi\u00e7\u00e3o, as suas qualidades construtivas s\u00e3o semelhantes \u00e0s dos modelos de alta produ\u00e7\u00e3o, uma vez que s\u00e3o constru\u00eddos inteiramente em a\u00e7o e ferro fundido, utilizando os melhores materiais europeus, tanto a n\u00edvel mec\u00e2nico como eletr\u00f3nico e pneum\u00e1tico. Est\u00e3o equipadas com uma caldeira de aquecimento r\u00e1pido revestida a Teflon e um sistema de troca r\u00e1pida. Funcionamento perfeito com colas EVA e poliolef\u00f3nicas.<\/p>\n<p>Modelo com moldador de fuso de entrada, ecr\u00e3 t\u00e1til, l\u00e2mpada IR e arredondador, entre outros.<\/p>","protected":false},"excerpt":{"rendered":"<p>A coladeira de bordos BTR da H\u00c4RNNETT satisfaz as necessidades da oficina e da pequena f\u00e1brica com os mais elevados padr\u00f5es de qualidade no acabamento.<\/p>","protected":false},"featured_media":324,"comment_status":"open","ping_status":"closed","template":"","meta":{"_acf_changed":false},"product_brand":[51],"product_cat":[36,21],"product_tag":[57],"class_list":{"0":"post-323","1":"product","2":"type-product","3":"status-publish","4":"has-post-thumbnail","6":"product_brand-harnnett","7":"product_cat-encoladoras-de-cantos","8":"product_cat-maquinaria","9":"product_tag-materiales-tecnicos","11":"first","12":"instock","13":"shipping-taxable","14":"product-type-simple"},"acf":[],"_links":{"self":[{"href":"https:\/\/www.harnnett.es\/pt\/wp-json\/wp\/v2\/product\/323","targetHints":{"allow":["GET"]}}],"collection":[{"href":"https:\/\/www.harnnett.es\/pt\/wp-json\/wp\/v2\/product"}],"about":[{"href":"https:\/\/www.harnnett.es\/pt\/wp-json\/wp\/v2\/types\/product"}],"replies":[{"embeddable":true,"href":"https:\/\/www.harnnett.es\/pt\/wp-json\/wp\/v2\/comments?post=323"}],"wp:featuredmedia":[{"embeddable":true,"href":"https:\/\/www.harnnett.es\/pt\/wp-json\/wp\/v2\/media\/324"}],"wp:attachment":[{"href":"https:\/\/www.harnnett.es\/pt\/wp-json\/wp\/v2\/media?parent=323"}],"wp:term":[{"taxonomy":"product_brand","embeddable":true,"href":"https:\/\/www.harnnett.es\/pt\/wp-json\/wp\/v2\/product_brand?post=323"},{"taxonomy":"product_cat","embeddable":true,"href":"https:\/\/www.harnnett.es\/pt\/wp-json\/wp\/v2\/product_cat?post=323"},{"taxonomy":"product_tag","embeddable":true,"href":"https:\/\/www.harnnett.es\/pt\/wp-json\/wp\/v2\/product_tag?post=323"}],"curies":[{"name":"wp","href":"https:\/\/api.w.org\/{rel}","templated":true}]}}