{"id":533,"date":"2025-08-27T18:32:14","date_gmt":"2025-08-27T18:32:14","guid":{"rendered":"https:\/\/harnnett.harnnett.es\/?post_type=product&#038;p=533"},"modified":"2025-09-19T15:27:16","modified_gmt":"2025-09-19T15:27:16","slug":"cnc-harnnett-target-nesting-auto","status":"publish","type":"product","link":"https:\/\/www.harnnett.es\/pt\/cnc-harnnett-target-nesting-auto\/","title":{"rendered":"CNC H\u00c4RNNETT TARGET NESTING AUTO"},"content":{"rendered":"<h2>Nidifica\u00e7\u00e3o completa<\/h2>\n<p>Unidade de trabalho para furos horizontais e verticais, mesa de v\u00e1cuo para melhor ajuste das pe\u00e7as de trabalho e mesa ranhurada para adapta\u00e7\u00e3o da pe\u00e7a de trabalho durante a maquina\u00e7\u00e3o.<\/p>\n<p>Empurrador autom\u00e1tico para uma descarga f\u00e1cil. Com mesas de carga e descarga, empurrador de descarga para uma entrega sem problemas de pe\u00e7as j\u00e1 maquinadas.<\/p>\n<p>Centro de maquinagem com capacidade de maquinagem:<\/p>\n<ul class=\"list-style\">\n<li>Madeira: aglomerado, melamina,...<\/li>\n<li>Pl\u00e1sticos: PVC, ABS, polietileno, espuma de polipropileno,...<\/li>\n<li>Comp\u00f3sitos: Alucobond, Dibond, Trespa,...<\/li>\n<li>Superf\u00edcies s\u00f3lidas: Corian, Krion, ...<\/li>\n<li>Metais n\u00e3o ferrosos: alum\u00ednio, bronze, ...<\/li>\n<\/ul>","protected":false},"excerpt":{"rendered":"<p>M\u00e1quina de alta precis\u00e3o e alta velocidade com uma estrutura robusta ideal para absorver o esfor\u00e7o de fresagem e eliminar as vibra\u00e7\u00f5es.<\/p>","protected":false},"featured_media":544,"comment_status":"open","ping_status":"closed","template":"","meta":{"_acf_changed":false},"product_brand":[51],"product_cat":[48,18,21],"product_tag":[57],"class_list":{"0":"post-533","1":"product","2":"type-product","3":"status-publish","4":"has-post-thumbnail","6":"product_brand-harnnett","7":"product_cat-centros-de-mecanizado","8":"product_cat-nesting","9":"product_cat-maquinaria","10":"product_tag-materiales-tecnicos","12":"first","13":"instock","14":"shipping-taxable","15":"product-type-simple"},"acf":[],"_links":{"self":[{"href":"https:\/\/www.harnnett.es\/pt\/wp-json\/wp\/v2\/product\/533","targetHints":{"allow":["GET"]}}],"collection":[{"href":"https:\/\/www.harnnett.es\/pt\/wp-json\/wp\/v2\/product"}],"about":[{"href":"https:\/\/www.harnnett.es\/pt\/wp-json\/wp\/v2\/types\/product"}],"replies":[{"embeddable":true,"href":"https:\/\/www.harnnett.es\/pt\/wp-json\/wp\/v2\/comments?post=533"}],"wp:featuredmedia":[{"embeddable":true,"href":"https:\/\/www.harnnett.es\/pt\/wp-json\/wp\/v2\/media\/544"}],"wp:attachment":[{"href":"https:\/\/www.harnnett.es\/pt\/wp-json\/wp\/v2\/media?parent=533"}],"wp:term":[{"taxonomy":"product_brand","embeddable":true,"href":"https:\/\/www.harnnett.es\/pt\/wp-json\/wp\/v2\/product_brand?post=533"},{"taxonomy":"product_cat","embeddable":true,"href":"https:\/\/www.harnnett.es\/pt\/wp-json\/wp\/v2\/product_cat?post=533"},{"taxonomy":"product_tag","embeddable":true,"href":"https:\/\/www.harnnett.es\/pt\/wp-json\/wp\/v2\/product_tag?post=533"}],"curies":[{"name":"wp","href":"https:\/\/api.w.org\/{rel}","templated":true}]}}