{"id":547,"date":"2025-08-27T19:18:20","date_gmt":"2025-08-27T19:18:20","guid":{"rendered":"https:\/\/harnnett.harnnett.es\/?post_type=product&#038;p=547"},"modified":"2025-09-19T15:27:11","modified_gmt":"2025-09-19T15:27:11","slug":"cnc-harnnett-target-std-flex","status":"publish","type":"product","link":"https:\/\/www.harnnett.es\/pt\/cnc-harnnett-target-std-flex\/","title":{"rendered":"CNC H\u00c4RNNETT TARGET STD FLEX"},"content":{"rendered":"<h2>Centro de maquina\u00e7\u00e3o de alta produ\u00e7\u00e3o<\/h2>\n<p>Unidade para perfura\u00e7\u00e3o vertical e horizontal, mesa de v\u00e1cuo com fixa\u00e7\u00e3o m\u00e1xima da pe\u00e7a de trabalho devido a ranhuras especiais precisas.<\/p>\n<p>\u00c9 constru\u00eddo sobre uma placa de base especial, concebida para a futura instala\u00e7\u00e3o de uma mesa de descarga.<\/p>\n<p>Com empurrador de descarga frontal para uma entrega suave de pe\u00e7as j\u00e1 maquinadas.<\/p>\n<p>Centro de maquinagem com capacidade de maquinagem:<\/p>\n<ul class=\"list-style\">\n<li>Madeira: aglomerado, melamina,...<\/li>\n<li>Pl\u00e1sticos: PVC, ABS, polietileno, espuma de polipropileno,...<\/li>\n<li>Comp\u00f3sitos: Alucobond, Dibond, Trespa,...<\/li>\n<li>Superf\u00edcies s\u00f3lidas: Corian, Krion, ...<\/li>\n<li>Metais n\u00e3o ferrosos: alum\u00ednio, bronze, ...<\/li>\n<\/ul>","protected":false},"excerpt":{"rendered":"<p>Composto por uma mesa fixa e uma ponte m\u00f3vel com duplo suporte. Servomotores potentes oferecem um posicionamento preciso, alta velocidade, funcionamento suave, sem vibra\u00e7\u00f5es e de f\u00e1cil manuseamento.<\/p>","protected":false},"featured_media":548,"comment_status":"open","ping_status":"closed","template":"","meta":{"_acf_changed":false},"product_brand":[51],"product_cat":[48,18,21],"product_tag":[57],"class_list":{"0":"post-547","1":"product","2":"type-product","3":"status-publish","4":"has-post-thumbnail","6":"product_brand-harnnett","7":"product_cat-centros-de-mecanizado","8":"product_cat-nesting","9":"product_cat-maquinaria","10":"product_tag-materiales-tecnicos","12":"first","13":"instock","14":"shipping-taxable","15":"product-type-simple"},"acf":[],"_links":{"self":[{"href":"https:\/\/www.harnnett.es\/pt\/wp-json\/wp\/v2\/product\/547","targetHints":{"allow":["GET"]}}],"collection":[{"href":"https:\/\/www.harnnett.es\/pt\/wp-json\/wp\/v2\/product"}],"about":[{"href":"https:\/\/www.harnnett.es\/pt\/wp-json\/wp\/v2\/types\/product"}],"replies":[{"embeddable":true,"href":"https:\/\/www.harnnett.es\/pt\/wp-json\/wp\/v2\/comments?post=547"}],"wp:featuredmedia":[{"embeddable":true,"href":"https:\/\/www.harnnett.es\/pt\/wp-json\/wp\/v2\/media\/548"}],"wp:attachment":[{"href":"https:\/\/www.harnnett.es\/pt\/wp-json\/wp\/v2\/media?parent=547"}],"wp:term":[{"taxonomy":"product_brand","embeddable":true,"href":"https:\/\/www.harnnett.es\/pt\/wp-json\/wp\/v2\/product_brand?post=547"},{"taxonomy":"product_cat","embeddable":true,"href":"https:\/\/www.harnnett.es\/pt\/wp-json\/wp\/v2\/product_cat?post=547"},{"taxonomy":"product_tag","embeddable":true,"href":"https:\/\/www.harnnett.es\/pt\/wp-json\/wp\/v2\/product_tag?post=547"}],"curies":[{"name":"wp","href":"https:\/\/api.w.org\/{rel}","templated":true}]}}