{"id":608,"date":"2025-08-27T23:33:47","date_gmt":"2025-08-27T23:33:47","guid":{"rendered":"https:\/\/harnnett.harnnett.es\/?post_type=product&#038;p=608"},"modified":"2025-09-19T15:26:51","modified_gmt":"2025-09-19T15:26:51","slug":"cnc-harnnett-target-universal","status":"publish","type":"product","link":"https:\/\/www.harnnett.es\/pt\/cnc-harnnett-target-universal\/","title":{"rendered":"CNC H\u00c4RNNETT TARGET UNIVERSAL"},"content":{"rendered":"<h2>Duas m\u00e1quinas no mesmo espa\u00e7o<\/h2>\n<p>Gra\u00e7as \u00e0 sua mesa de trabalho de dupla camada, pode trabalhar em v\u00e1rios materiais, como madeira, pl\u00e1sticos, alum\u00ednio ou metais n\u00e3o ferrosos, bem como em novos materiais, como superf\u00edcies s\u00f3lidas (Krion ou Corian) e comp\u00f3sitos (Trespa, Dibond ou Alucobond).<\/p>\n<p>Se quiser maquinar portas, port\u00f5es ou janelas, basta arrastar as consolas de alum\u00ednio para a mesa Nesting.<\/p>\n<ul class=\"list-style\">\n<li>Gra\u00e7as a uma estrutura robusta e a um design que tem em conta estes dois modos de trabalho, \u00e9 poss\u00edvel ter uma m\u00e1quina completa numa s\u00f3, sem renunciar a qualquer funcionalidade dos tradicionais centros de maquinagem de barras de alum\u00ednio e mesas de trabalho em grelha.<\/li>\n<li>Para trabalhos de alta produ\u00e7\u00e3o, a m\u00e1quina pode trabalhar em modo pendular. Isto significa que n\u00e3o se perde tempo a carregar e descarregar o material, uma vez que o trabalho \u00e9 efectuado constantemente.<\/li>\n<li>Para completar este centro de maquina\u00e7\u00e3o, est\u00e3o dispon\u00edveis potentes fresadoras verticais com troca de ferramentas, unidade de perfura\u00e7\u00e3o e motor horizontal, de acordo com as suas necessidades.<\/li>\n<\/ul>","protected":false},"excerpt":{"rendered":"<p>O seu estatuto universal permite que estes centros de maquina\u00e7\u00e3o sejam duas m\u00e1quinas numa s\u00f3.<\/p>","protected":false},"featured_media":610,"comment_status":"open","ping_status":"closed","template":"","meta":{"_acf_changed":false},"product_brand":[51],"product_cat":[21,48,44],"product_tag":[57],"class_list":{"0":"post-608","1":"product","2":"type-product","3":"status-publish","4":"has-post-thumbnail","6":"product_brand-harnnett","7":"product_cat-maquinaria","8":"product_cat-centros-de-mecanizado","9":"product_cat-universal","10":"product_tag-materiales-tecnicos","12":"first","13":"instock","14":"shipping-taxable","15":"product-type-simple"},"acf":[],"_links":{"self":[{"href":"https:\/\/www.harnnett.es\/pt\/wp-json\/wp\/v2\/product\/608","targetHints":{"allow":["GET"]}}],"collection":[{"href":"https:\/\/www.harnnett.es\/pt\/wp-json\/wp\/v2\/product"}],"about":[{"href":"https:\/\/www.harnnett.es\/pt\/wp-json\/wp\/v2\/types\/product"}],"replies":[{"embeddable":true,"href":"https:\/\/www.harnnett.es\/pt\/wp-json\/wp\/v2\/comments?post=608"}],"wp:featuredmedia":[{"embeddable":true,"href":"https:\/\/www.harnnett.es\/pt\/wp-json\/wp\/v2\/media\/610"}],"wp:attachment":[{"href":"https:\/\/www.harnnett.es\/pt\/wp-json\/wp\/v2\/media?parent=608"}],"wp:term":[{"taxonomy":"product_brand","embeddable":true,"href":"https:\/\/www.harnnett.es\/pt\/wp-json\/wp\/v2\/product_brand?post=608"},{"taxonomy":"product_cat","embeddable":true,"href":"https:\/\/www.harnnett.es\/pt\/wp-json\/wp\/v2\/product_cat?post=608"},{"taxonomy":"product_tag","embeddable":true,"href":"https:\/\/www.harnnett.es\/pt\/wp-json\/wp\/v2\/product_tag?post=608"}],"curies":[{"name":"wp","href":"https:\/\/api.w.org\/{rel}","templated":true}]}}