{"id":687,"date":"2025-08-28T05:31:48","date_gmt":"2025-08-28T05:31:48","guid":{"rendered":"https:\/\/harnnett.harnnett.es\/?post_type=product&#038;p=687"},"modified":"2025-09-19T15:26:04","modified_gmt":"2025-09-19T15:26:04","slug":"cnc-harnnett-track-on-board-2","status":"publish","type":"product","link":"https:\/\/www.harnnett.es\/pt\/cnc-harnnett-track-on-board-2\/","title":{"rendered":"CNC H\u00c4RNNETT TRACK ON BOARD"},"content":{"rendered":"<h2>Mudan\u00e7a a bordo<\/h2>\n<p>Troca de ferramentas linear integrada que permite uma enorme economia de tempo nas trocas de ferramentas, uma vez que a ferramenta se desloca no p\u00f3rtico da m\u00e1quina.<\/p>\n<p>Mesa de trabalho de camada dupla ideal para evitar o deslizamento da pe\u00e7a de trabalho, perfeita para fixar qualquer tipo de pe\u00e7a de trabalho, independentemente da sua forma e tamanho.<\/p>\n<p>Est\u00e3o dispon\u00edveis diferentes dimens\u00f5es de mesa.<\/p>\n<p>Empurrador de descarga.<\/p>\n<p>Centro de maquinagem com capacidade de maquinagem:<\/p>\n<ul class=\"list-style\">\n<li>Madeira: aglomerado, melamina,...<\/li>\n<li>Pl\u00e1sticos: PVC, ABS, polietileno, espuma de polipropileno,...<\/li>\n<li>Comp\u00f3sitos: Alucobond, Dibond, Trespa,...<\/li>\n<li>Superf\u00edcies s\u00f3lidas: Corian, Krion, ...<\/li>\n<li>Metais n\u00e3o ferrosos: alum\u00ednio, bronze, ...<\/li>\n<\/ul>\n<p>&nbsp;<\/p>\n<h2>\u00c1rea de trabalho<\/h2>\n<p>\u00c9 poss\u00edvel carregar e descarregar os pain\u00e9is a partir de qualquer ponto do per\u00edmetro da m\u00e1quina.<\/p>\n<p>Adapta-se a qualquer espa\u00e7o de oficina.<\/p>","protected":false},"excerpt":{"rendered":"<p>Nova linha de controlos num\u00e9ricos H\u00c4RNNETT para maquina\u00e7\u00e3o a alta velocidade de novos materiais, tais como comp\u00f3sitos, metais n\u00e3o ferrosos ou superf\u00edcies s\u00f3lidas.<\/p>","protected":false},"featured_media":690,"comment_status":"open","ping_status":"closed","template":"","meta":{"_acf_changed":false},"product_brand":[51],"product_cat":[48,18,21],"product_tag":[57],"class_list":{"0":"post-687","1":"product","2":"type-product","3":"status-publish","4":"has-post-thumbnail","6":"product_brand-harnnett","7":"product_cat-centros-de-mecanizado","8":"product_cat-nesting","9":"product_cat-maquinaria","10":"product_tag-materiales-tecnicos","12":"first","13":"instock","14":"shipping-taxable","15":"product-type-simple"},"acf":[],"_links":{"self":[{"href":"https:\/\/www.harnnett.es\/pt\/wp-json\/wp\/v2\/product\/687","targetHints":{"allow":["GET"]}}],"collection":[{"href":"https:\/\/www.harnnett.es\/pt\/wp-json\/wp\/v2\/product"}],"about":[{"href":"https:\/\/www.harnnett.es\/pt\/wp-json\/wp\/v2\/types\/product"}],"replies":[{"embeddable":true,"href":"https:\/\/www.harnnett.es\/pt\/wp-json\/wp\/v2\/comments?post=687"}],"wp:featuredmedia":[{"embeddable":true,"href":"https:\/\/www.harnnett.es\/pt\/wp-json\/wp\/v2\/media\/690"}],"wp:attachment":[{"href":"https:\/\/www.harnnett.es\/pt\/wp-json\/wp\/v2\/media?parent=687"}],"wp:term":[{"taxonomy":"product_brand","embeddable":true,"href":"https:\/\/www.harnnett.es\/pt\/wp-json\/wp\/v2\/product_brand?post=687"},{"taxonomy":"product_cat","embeddable":true,"href":"https:\/\/www.harnnett.es\/pt\/wp-json\/wp\/v2\/product_cat?post=687"},{"taxonomy":"product_tag","embeddable":true,"href":"https:\/\/www.harnnett.es\/pt\/wp-json\/wp\/v2\/product_tag?post=687"}],"curies":[{"name":"wp","href":"https:\/\/api.w.org\/{rel}","templated":true}]}}