{"id":771,"date":"2025-08-28T13:34:00","date_gmt":"2025-08-28T13:34:00","guid":{"rendered":"https:\/\/harnnett.harnnett.es\/?post_type=product&#038;p=771"},"modified":"2025-09-19T15:25:58","modified_gmt":"2025-09-19T15:25:58","slug":"portas-verticais-cnc-harnnett-target-std","status":"publish","type":"product","link":"https:\/\/www.harnnett.es\/pt\/portas-verticais-cnc-harnnett-target-std\/","title":{"rendered":"PORTAS VERTICAIS CNC H\u00c4RNNETT TARGET STD"},"content":{"rendered":"<h2>Encaixe e maquinagem de portas<\/h2>\n<p>Com controlo TPA (It\u00e1lia) e atualiza\u00e7\u00e3o feita para aumentar a velocidade de trabalho, pode ter um controlo num\u00e9rico com mesa de v\u00e1cuo de dupla camada com diferentes \u00e1reas de trabalho (para escolher de acordo com as suas necessidades) e o suporte vertical para maquina\u00e7\u00e3o de portas, pode realizar o trabalho habitual na mesa de grelha para mobili\u00e1rio modular e fabrico de portas. Com empurrador de descarga para a entrega sem problemas de pe\u00e7as j\u00e1 maquinadas.<\/p>\n<p>Tudo isto sem ter de transportar um suporte horizontal para a mesa e retir\u00e1-lo de seguida. Assim, a mesa de encaixe fica livre e limpa, pronta a funcionar em qualquer altura, se necess\u00e1rio.<\/p>\n<p>Centro de maquinagem com capacidade de maquinagem:<\/p>\n<ul class=\"list-style\">\n<li>Madeira: aglomerado, melamina,...<\/li>\n<li>Pl\u00e1sticos: PVC, ABS, polietileno, espuma de polipropileno,...<\/li>\n<li>Comp\u00f3sitos: Alucobond, Dibond, Trespa,...<\/li>\n<li>Superf\u00edcies s\u00f3lidas: Corian, Krion, ...<\/li>\n<li>Metais n\u00e3o ferrosos: alum\u00ednio, bronze, ...<\/li>\n<\/ul>","protected":false},"excerpt":{"rendered":"<p>Modelo H\u00c4RNNETT TARGET STD com troca linear de ferramentas ou torre com suporte para maquina\u00e7\u00e3o vertical de portas.<\/p>","protected":false},"featured_media":772,"comment_status":"open","ping_status":"closed","template":"","meta":{"_acf_changed":false},"product_brand":[51],"product_cat":[48,18,21],"product_tag":[57],"class_list":{"0":"post-771","1":"product","2":"type-product","3":"status-publish","4":"has-post-thumbnail","6":"product_brand-harnnett","7":"product_cat-centros-de-mecanizado","8":"product_cat-nesting","9":"product_cat-maquinaria","10":"product_tag-materiales-tecnicos","12":"first","13":"instock","14":"shipping-taxable","15":"product-type-simple"},"acf":[],"_links":{"self":[{"href":"https:\/\/www.harnnett.es\/pt\/wp-json\/wp\/v2\/product\/771","targetHints":{"allow":["GET"]}}],"collection":[{"href":"https:\/\/www.harnnett.es\/pt\/wp-json\/wp\/v2\/product"}],"about":[{"href":"https:\/\/www.harnnett.es\/pt\/wp-json\/wp\/v2\/types\/product"}],"replies":[{"embeddable":true,"href":"https:\/\/www.harnnett.es\/pt\/wp-json\/wp\/v2\/comments?post=771"}],"wp:featuredmedia":[{"embeddable":true,"href":"https:\/\/www.harnnett.es\/pt\/wp-json\/wp\/v2\/media\/772"}],"wp:attachment":[{"href":"https:\/\/www.harnnett.es\/pt\/wp-json\/wp\/v2\/media?parent=771"}],"wp:term":[{"taxonomy":"product_brand","embeddable":true,"href":"https:\/\/www.harnnett.es\/pt\/wp-json\/wp\/v2\/product_brand?post=771"},{"taxonomy":"product_cat","embeddable":true,"href":"https:\/\/www.harnnett.es\/pt\/wp-json\/wp\/v2\/product_cat?post=771"},{"taxonomy":"product_tag","embeddable":true,"href":"https:\/\/www.harnnett.es\/pt\/wp-json\/wp\/v2\/product_tag?post=771"}],"curies":[{"name":"wp","href":"https:\/\/api.w.org\/{rel}","templated":true}]}}