{"id":884,"date":"2025-09-17T19:18:13","date_gmt":"2025-09-17T19:18:13","guid":{"rendered":"https:\/\/www.harnnett.es\/?post_type=product&#038;p=884"},"modified":"2025-11-11T17:59:31","modified_gmt":"2025-11-11T17:59:31","slug":"maquina-de-colagem-linnerman-a","status":"publish","type":"product","link":"https:\/\/www.harnnett.es\/pt\/maquina-de-colagem-linnerman-a\/","title":{"rendered":"M\u00c1QUINA DE APLICA\u00c7\u00c3O DE FITA DE BORDA LINNERMAN A"},"content":{"rendered":"<p>Nova gama de m\u00e1quinas composta por m\u00e1quinas de cintar unilaterais de bordos rectos equipadas com as seguintes unidades de trabalho: unidade de colagem, rolos de press\u00e3o, unidade de corte e unidade de perfilagem.<\/p>\n<ul class=\"list-style\">\n<li>A ponte de press\u00e3o superior \u00e9 constitu\u00edda por uma estrutura de a\u00e7o com uma linha dupla de rodas de borracha, que \u00e9 posicionada manualmente e a medi\u00e7\u00e3o \u00e9 visualizada por um indicador mec\u00e2nico de posicionamento.<\/li>\n<li>Sistema de alimenta\u00e7\u00e3o de corrente de alta precis\u00e3o de 8 m\/min com corredi\u00e7as que deslizam sobre uma base guiada, garantindo um movimento preciso e resistente a qualquer tipo de esfor\u00e7o.<\/li>\n<li>O acionamento das unidades operacionais \u00e9 controlado por meio de um painel de bot\u00f5es com um visor.<\/li>\n<li>Cabina de prote\u00e7\u00e3o insonorizada com janelas de policarbonato transparente para uma vis\u00e3o completa da \u00e1rea de trabalho, ilumina\u00e7\u00e3o interior e microinterruptor de seguran\u00e7a.<\/li>\n<li>Aspira\u00e7\u00e3o central interior.<\/li>\n<li>Regulamentos CE<\/li>\n<\/ul>\n<p>&nbsp;<\/p>\n<p><strong>A f\u00e1brica reserva-se o direito de efetuar modifica\u00e7\u00f5es ou melhoramentos sem aviso pr\u00e9vio.<\/strong><\/p>\n<p>As fotografias apresentadas na oferta pertencem a outros modelos fabricados anteriormente e, por conseguinte, as pe\u00e7as fornecidas na m\u00e1quina oferecida podem estar sujeitas a altera\u00e7\u00f5es e actualiza\u00e7\u00f5es.<\/p>\n<p>Os dados t\u00e9cnicos e as carater\u00edsticas mencionadas na presente oferta t\u00eam car\u00e1cter informativo e podem ser objeto de modifica\u00e7\u00f5es, actualiza\u00e7\u00f5es e melhoramentos.<\/p>","protected":false},"excerpt":{"rendered":"<p>Nova gama de m\u00e1quinas composta por m\u00e1quinas de cintar unilaterais de bordos rectos equipadas com as seguintes unidades de trabalho: unidade de colagem, rolos de press\u00e3o, unidade de corte e unidade de perfilagem.<\/p>","protected":false},"featured_media":885,"comment_status":"open","ping_status":"closed","template":"","meta":{"_acf_changed":false},"product_brand":[52],"product_cat":[21,36],"product_tag":[56],"class_list":{"0":"post-884","1":"product","2":"type-product","3":"status-publish","4":"has-post-thumbnail","6":"product_brand-linnerman","7":"product_cat-maquinaria","8":"product_cat-encoladoras-de-cantos","9":"product_tag-macizo","11":"first","12":"instock","13":"shipping-taxable","14":"purchasable","15":"product-type-simple"},"acf":[],"_links":{"self":[{"href":"https:\/\/www.harnnett.es\/pt\/wp-json\/wp\/v2\/product\/884","targetHints":{"allow":["GET"]}}],"collection":[{"href":"https:\/\/www.harnnett.es\/pt\/wp-json\/wp\/v2\/product"}],"about":[{"href":"https:\/\/www.harnnett.es\/pt\/wp-json\/wp\/v2\/types\/product"}],"replies":[{"embeddable":true,"href":"https:\/\/www.harnnett.es\/pt\/wp-json\/wp\/v2\/comments?post=884"}],"wp:featuredmedia":[{"embeddable":true,"href":"https:\/\/www.harnnett.es\/pt\/wp-json\/wp\/v2\/media\/885"}],"wp:attachment":[{"href":"https:\/\/www.harnnett.es\/pt\/wp-json\/wp\/v2\/media?parent=884"}],"wp:term":[{"taxonomy":"product_brand","embeddable":true,"href":"https:\/\/www.harnnett.es\/pt\/wp-json\/wp\/v2\/product_brand?post=884"},{"taxonomy":"product_cat","embeddable":true,"href":"https:\/\/www.harnnett.es\/pt\/wp-json\/wp\/v2\/product_cat?post=884"},{"taxonomy":"product_tag","embeddable":true,"href":"https:\/\/www.harnnett.es\/pt\/wp-json\/wp\/v2\/product_tag?post=884"}],"curies":[{"name":"wp","href":"https:\/\/api.w.org\/{rel}","templated":true}]}}