{"id":888,"date":"2025-09-17T19:26:49","date_gmt":"2025-09-17T19:26:49","guid":{"rendered":"https:\/\/www.harnnett.es\/?post_type=product&#038;p=888"},"modified":"2025-09-19T15:24:41","modified_gmt":"2025-09-19T15:24:41","slug":"articulacao-dos-dedos","status":"publish","type":"product","link":"https:\/\/www.harnnett.es\/pt\/articulacao-dos-dedos\/","title":{"rendered":"Articula\u00e7\u00e3o dos dedos"},"content":{"rendered":"<p>Ideal para empresas que pretendem rentabilizar as suas aparas de madeira ou que pretendem comercializar produtos Finger-Joint.<\/p>\n<p>A solu\u00e7\u00e3o mais inteligente e sustent\u00e1vel para tirar o m\u00e1ximo partido de cada peda\u00e7o de madeira.<\/p>\n<p>Diferentes modelos de Finger Joint para se adaptarem ao seu espa\u00e7o e \u00e0s suas necessidades.<\/p>\n<p>Linhas autom\u00e1ticas e semi-autom\u00e1ticas.<\/p>","protected":false},"excerpt":{"rendered":"<p>A solu\u00e7\u00e3o mais inteligente e sustent\u00e1vel para tirar o m\u00e1ximo partido de cada peda\u00e7o de madeira.<\/p>","protected":false},"featured_media":889,"comment_status":"open","ping_status":"closed","template":"","meta":{"_acf_changed":false},"product_brand":[52],"product_cat":[21],"product_tag":[56],"class_list":{"0":"post-888","1":"product","2":"type-product","3":"status-publish","4":"has-post-thumbnail","6":"product_brand-linnerman","7":"product_cat-maquinaria","8":"product_tag-macizo","10":"first","11":"instock","12":"shipping-taxable","13":"product-type-simple"},"acf":[],"_links":{"self":[{"href":"https:\/\/www.harnnett.es\/pt\/wp-json\/wp\/v2\/product\/888","targetHints":{"allow":["GET"]}}],"collection":[{"href":"https:\/\/www.harnnett.es\/pt\/wp-json\/wp\/v2\/product"}],"about":[{"href":"https:\/\/www.harnnett.es\/pt\/wp-json\/wp\/v2\/types\/product"}],"replies":[{"embeddable":true,"href":"https:\/\/www.harnnett.es\/pt\/wp-json\/wp\/v2\/comments?post=888"}],"wp:featuredmedia":[{"embeddable":true,"href":"https:\/\/www.harnnett.es\/pt\/wp-json\/wp\/v2\/media\/889"}],"wp:attachment":[{"href":"https:\/\/www.harnnett.es\/pt\/wp-json\/wp\/v2\/media?parent=888"}],"wp:term":[{"taxonomy":"product_brand","embeddable":true,"href":"https:\/\/www.harnnett.es\/pt\/wp-json\/wp\/v2\/product_brand?post=888"},{"taxonomy":"product_cat","embeddable":true,"href":"https:\/\/www.harnnett.es\/pt\/wp-json\/wp\/v2\/product_cat?post=888"},{"taxonomy":"product_tag","embeddable":true,"href":"https:\/\/www.harnnett.es\/pt\/wp-json\/wp\/v2\/product_tag?post=888"}],"curies":[{"name":"wp","href":"https:\/\/api.w.org\/{rel}","templated":true}]}}