{"id":971,"date":"2025-09-18T03:45:58","date_gmt":"2025-09-18T03:45:58","guid":{"rendered":"https:\/\/www.harnnett.es\/?post_type=product&#038;p=971"},"modified":"2025-09-19T15:20:24","modified_gmt":"2025-09-19T15:20:24","slug":"3-operacoes-combinadas-linnerman-fs-41-n","status":"publish","type":"product","link":"https:\/\/www.harnnett.es\/pt\/3-operacoes-combinadas-linnerman-fs-41-n\/","title":{"rendered":"3 opera\u00e7\u00f5es combinadas Linnerman FS-41-N"},"content":{"rendered":"<ul class=\"list-style\">\n<li>Desloca\u00e7\u00e3o dos planos de trabalho por meio de alavancas.<\/li>\n<li>Motor de 5,5 CV<\/li>\n<li>Interruptores de emerg\u00eancia na parte lateral da m\u00e1quina<\/li>\n<li>Eixo da escova com 4 l\u00e2minas<\/li>\n<li>L\u00e2mina basculante de 45\u00ba 1.100X1.150mm<\/li>\n<li>Prote\u00e7\u00e3o ajust\u00e1vel do veio da l\u00e2mina<\/li>\n<li>Dimens\u00f5es da mesa de espessamento 700X405mm<\/li>\n<li>2 rolos sobre a mesa.<\/li>\n<li>Altura m\u00e1xima de espessamento 225 mm<\/li>\n<li>1 velocidade de alimenta\u00e7\u00e3o 8m\/mts.<\/li>\n<li>Rolo de alimenta\u00e7\u00e3o helicoidal.<\/li>\n<li>Exaustor para plaina e desengrossadeira<\/li>\n<li>Unidade de perfura\u00e7\u00e3o com mesa de 500X300 mm, com mandril wescott e pin\u00e7a exc\u00eantrica e movimento de alavanca \u00fanica.<\/li>\n<li>Regulamentos CE<\/li>\n<\/ul>","protected":false},"excerpt":{"rendered":"<p>1.800X410mm mesas de ferro fundido rectificado<\/p>","protected":false},"featured_media":972,"comment_status":"open","ping_status":"closed","template":"","meta":{"_acf_changed":false},"product_brand":[52],"product_cat":[21],"product_tag":[56],"class_list":{"0":"post-971","1":"product","2":"type-product","3":"status-publish","4":"has-post-thumbnail","6":"product_brand-linnerman","7":"product_cat-maquinaria","8":"product_tag-macizo","10":"first","11":"instock","12":"shipping-taxable","13":"product-type-simple"},"acf":[],"_links":{"self":[{"href":"https:\/\/www.harnnett.es\/pt\/wp-json\/wp\/v2\/product\/971","targetHints":{"allow":["GET"]}}],"collection":[{"href":"https:\/\/www.harnnett.es\/pt\/wp-json\/wp\/v2\/product"}],"about":[{"href":"https:\/\/www.harnnett.es\/pt\/wp-json\/wp\/v2\/types\/product"}],"replies":[{"embeddable":true,"href":"https:\/\/www.harnnett.es\/pt\/wp-json\/wp\/v2\/comments?post=971"}],"wp:featuredmedia":[{"embeddable":true,"href":"https:\/\/www.harnnett.es\/pt\/wp-json\/wp\/v2\/media\/972"}],"wp:attachment":[{"href":"https:\/\/www.harnnett.es\/pt\/wp-json\/wp\/v2\/media?parent=971"}],"wp:term":[{"taxonomy":"product_brand","embeddable":true,"href":"https:\/\/www.harnnett.es\/pt\/wp-json\/wp\/v2\/product_brand?post=971"},{"taxonomy":"product_cat","embeddable":true,"href":"https:\/\/www.harnnett.es\/pt\/wp-json\/wp\/v2\/product_cat?post=971"},{"taxonomy":"product_tag","embeddable":true,"href":"https:\/\/www.harnnett.es\/pt\/wp-json\/wp\/v2\/product_tag?post=971"}],"curies":[{"name":"wp","href":"https:\/\/api.w.org\/{rel}","templated":true}]}}