{"id":980,"date":"2025-09-18T04:39:50","date_gmt":"2025-09-18T04:39:50","guid":{"rendered":"https:\/\/www.harnnett.es\/?post_type=product&#038;p=980"},"modified":"2025-09-19T15:20:39","modified_gmt":"2025-09-19T15:20:39","slug":"plaina-linnerman-dma-53l","status":"publish","type":"product","link":"https:\/\/www.harnnett.es\/pt\/plaina-linnerman-dma-53l\/","title":{"rendered":"Plaina Linnerman DMA 53L"},"content":{"rendered":"<ul class=\"list-style\">\n<li>Dimens\u00f5es da mesa 2900 x 530 mm, com tampos de mesa rectificados, mesa de entrada 1625 mm e mesa de sa\u00edda 1225 mm.<\/li>\n<li>Largura de trabalho 530 mm<\/li>\n<li>Comprimento \u00fatil dos planos de trabalho 2.900mm<\/li>\n<li>Motor de 7,5HP com trav\u00e3o el\u00e9trico.<\/li>\n<li>Di\u00e2metro do veio 125mm com 4 l\u00e2minas 530x35x3<\/li>\n<li>Velocidade de rota\u00e7\u00e3o do veio da escova 4.900 r.p.m.<\/li>\n<li>Suporte angular 1.110x155mm, inclin\u00e1vel a 45\u00ba.<\/li>\n<li>Indicador de profundidade de passagem.<\/li>\n<li>Profundidade m\u00e1xima de aplainamento: 8 mm<\/li>\n<li>Prote\u00e7\u00e3o da l\u00e2mina \u00e0 frente e atr\u00e1s.<\/li>\n<li>Painel de controlo suspenso para arranque em estrela tri\u00e2ngulo e paragem de emerg\u00eancia.<\/li>\n<li>Equipado com uma entrada de aspira\u00e7\u00e3o de 160 mm de di\u00e2metro.<\/li>\n<li>Regulamentos CE.<\/li>\n<li>Peso l\u00edquido 800kg<\/li>\n<\/ul>","protected":false},"excerpt":{"rendered":"<p>Dimensiones de las mesas 2900 x 530 mm, con tableros rectificados , mesa de entrada de 1625 mm y mesa de salida 1225 mm. Ancho \u00fatil de elaboraci\u00f3n 530mm Largo \u00fatil de los planos de trabajo 2.900mm Motor 7,5HP con freno el\u00e9ctrico. Eje di\u00e1metro 125mm con 4 cuchillas de 530x35x3 Velocidad de rotaci\u00f3n del eje [&hellip;]<\/p>\n","protected":false},"featured_media":981,"comment_status":"open","ping_status":"closed","template":"","meta":{"_acf_changed":false},"product_brand":[52],"product_cat":[21,55],"product_tag":[56],"class_list":{"0":"post-980","1":"product","2":"type-product","3":"status-publish","4":"has-post-thumbnail","6":"product_brand-linnerman","7":"product_cat-maquinaria","8":"product_cat-cepilladora","9":"product_tag-macizo","11":"first","12":"instock","13":"shipping-taxable","14":"product-type-simple"},"acf":[],"_links":{"self":[{"href":"https:\/\/www.harnnett.es\/pt\/wp-json\/wp\/v2\/product\/980","targetHints":{"allow":["GET"]}}],"collection":[{"href":"https:\/\/www.harnnett.es\/pt\/wp-json\/wp\/v2\/product"}],"about":[{"href":"https:\/\/www.harnnett.es\/pt\/wp-json\/wp\/v2\/types\/product"}],"replies":[{"embeddable":true,"href":"https:\/\/www.harnnett.es\/pt\/wp-json\/wp\/v2\/comments?post=980"}],"wp:featuredmedia":[{"embeddable":true,"href":"https:\/\/www.harnnett.es\/pt\/wp-json\/wp\/v2\/media\/981"}],"wp:attachment":[{"href":"https:\/\/www.harnnett.es\/pt\/wp-json\/wp\/v2\/media?parent=980"}],"wp:term":[{"taxonomy":"product_brand","embeddable":true,"href":"https:\/\/www.harnnett.es\/pt\/wp-json\/wp\/v2\/product_brand?post=980"},{"taxonomy":"product_cat","embeddable":true,"href":"https:\/\/www.harnnett.es\/pt\/wp-json\/wp\/v2\/product_cat?post=980"},{"taxonomy":"product_tag","embeddable":true,"href":"https:\/\/www.harnnett.es\/pt\/wp-json\/wp\/v2\/product_tag?post=980"}],"curies":[{"name":"wp","href":"https:\/\/api.w.org\/{rel}","templated":true}]}}