{"id":983,"date":"2025-09-18T05:00:00","date_gmt":"2025-09-18T05:00:00","guid":{"rendered":"https:\/\/www.harnnett.es\/?post_type=product&#038;p=983"},"modified":"2025-09-19T15:24:01","modified_gmt":"2025-09-19T15:24:01","slug":"banco-de-montagem-de-barra-unica-sbu-m","status":"publish","type":"product","link":"https:\/\/www.harnnett.es\/pt\/banco-de-montagem-de-barra-unica-sbu-m\/","title":{"rendered":"Banco de montagem de barra \u00fanica SBU\/M"},"content":{"rendered":"<h3>Banco robusto com uma estrutura muito resistente<\/h3>\n<p>\u00c9 constitu\u00edda por uma viga superior em T duplo de 300 mm que \u00e9 acionada por 2 pist\u00f5es hidr\u00e1ulicos, para exercer press\u00e3o vertical e, assim, distribuir a press\u00e3o uniformemente, e uma viga inferior em T duplo de 300 mm que pode ser posicionada em 3 tamanhos diferentes, para obter a posi\u00e7\u00e3o de trabalho ideal em qualquer momento.<\/p>\n<p>Composto por 2 pist\u00f5es hidr\u00e1ulicos horizontais que pressionam os suportes fixos. Estes podem ser rapidamente posicionados por meio de um exc\u00eantrico e de pontos fixos at\u00e9 ao meio da viga.<\/p>\n<p>Est\u00e1 equipado com regula\u00e7\u00e3o de press\u00e3o diferenciada entre pist\u00f5es verticais (atrav\u00e9s de man\u00f3metro) e pist\u00f5es horizontais (atrav\u00e9s de v\u00e1lvula).<\/p>\n<p>O painel de controlo pivotante, suspenso e de a\u00e7\u00e3o por press\u00e3o no centro superior facilita o controlo da m\u00e1quina pelo operador em qualquer ponto da \u00e1rea de trabalho da m\u00e1quina.<\/p>","protected":false},"excerpt":{"rendered":"<h3>Banco robusto com uma estrutura muito resistente<\/h3>","protected":false},"featured_media":984,"comment_status":"open","ping_status":"closed","template":"","meta":{"_acf_changed":false},"product_brand":[52],"product_cat":[21],"product_tag":[56],"class_list":{"0":"post-983","1":"product","2":"type-product","3":"status-publish","4":"has-post-thumbnail","6":"product_brand-linnerman","7":"product_cat-maquinaria","8":"product_tag-macizo","10":"first","11":"instock","12":"shipping-taxable","13":"product-type-simple"},"acf":[],"_links":{"self":[{"href":"https:\/\/www.harnnett.es\/pt\/wp-json\/wp\/v2\/product\/983","targetHints":{"allow":["GET"]}}],"collection":[{"href":"https:\/\/www.harnnett.es\/pt\/wp-json\/wp\/v2\/product"}],"about":[{"href":"https:\/\/www.harnnett.es\/pt\/wp-json\/wp\/v2\/types\/product"}],"replies":[{"embeddable":true,"href":"https:\/\/www.harnnett.es\/pt\/wp-json\/wp\/v2\/comments?post=983"}],"wp:featuredmedia":[{"embeddable":true,"href":"https:\/\/www.harnnett.es\/pt\/wp-json\/wp\/v2\/media\/984"}],"wp:attachment":[{"href":"https:\/\/www.harnnett.es\/pt\/wp-json\/wp\/v2\/media?parent=983"}],"wp:term":[{"taxonomy":"product_brand","embeddable":true,"href":"https:\/\/www.harnnett.es\/pt\/wp-json\/wp\/v2\/product_brand?post=983"},{"taxonomy":"product_cat","embeddable":true,"href":"https:\/\/www.harnnett.es\/pt\/wp-json\/wp\/v2\/product_cat?post=983"},{"taxonomy":"product_tag","embeddable":true,"href":"https:\/\/www.harnnett.es\/pt\/wp-json\/wp\/v2\/product_tag?post=983"}],"curies":[{"name":"wp","href":"https:\/\/api.w.org\/{rel}","templated":true}]}}